{"id":99,"date":"2026-03-26T11:55:28","date_gmt":"2026-03-26T10:55:28","guid":{"rendered":"https:\/\/new.star-gourmet.com\/?post_type=product&#038;p=99"},"modified":"2026-03-26T12:53:55","modified_gmt":"2026-03-26T11:53:55","slug":"salsa-curry","status":"publish","type":"product","link":"https:\/\/new.star-gourmet.com\/?product=salsa-curry","title":{"rendered":"SALSA <\/br> CURRY"},"content":{"rendered":"<p>Las salsas Ilou combinan el savoir-faire de Soreal con ingredientes cuidadosamente seleccionados, asegurando que sus salsas sean un complemento perfecto para una amplia variedad de platos. Las salsas Ilou son made in France y est\u00e1n dise\u00f1adas para elevar el sabor de sus creaciones culinarias.<\/p>\n<p>Nuestra deliciosa salsa curry es una opci\u00f3n ex\u00f3tica y llena de sabores que le brindar\u00e1 un toque especial a sus platos.\u00a0Elaborada con una selecci\u00f3n de especias y hierbas arom\u00e1ticas, creando una combinaci\u00f3n \u00fanica y aut\u00e9ntica que captura la esencia de la cocina oriental.\u00a0Esta vers\u00e1til salsa es ideal para acompa\u00f1ar una variedad de platillos, desde carnes y mariscos hasta verduras y arroces, aportando un sabor ex\u00f3tico y cautivador.<\/p>\n<div id=\"simple-translate\" class=\"simple-translate-system-theme\">\n<div>\n<div class=\"simple-translate-button isShow\" style=\"background-image: url('chrome-extension:\/\/ibplnjkanclpjokhdolnendpplpjiace\/icons\/512.png'); height: 22px; width: 22px; top: 53px; left: 11px;\"><\/div>\n<div class=\"simple-translate-panel \" style=\"width: 300px; height: 200px; top: 0px; left: 0px; font-size: 13px;\">\n<div class=\"simple-translate-result-wrapper\" style=\"overflow: hidden;\">\n<div class=\"simple-translate-move\" draggable=\"true\"><\/div>\n<div class=\"simple-translate-result-contents\">\n<p class=\"simple-translate-result\" dir=\"auto\">\n<p class=\"simple-translate-candidate\" dir=\"auto\">\n<\/div>\n<\/div>\n<\/div>\n<\/div>\n<\/div>\n","protected":false},"excerpt":{"rendered":"<p>10 botes de 900 ml por caja.<\/p>\n","protected":false},"featured_media":0,"comment_status":"open","ping_status":"closed","template":"","meta":[],"product_brand":[],"product_cat":[33,35,36],"product_tag":[],"class_list":{"0":"post-99","1":"product","2":"type-product","3":"status-publish","5":"product_cat-food-service","6":"product_cat-salsas","7":"product_cat-salsas-asiaticas","9":"first","10":"instock","11":"shipping-taxable","12":"product-type-simple"},"_links":{"self":[{"href":"https:\/\/new.star-gourmet.com\/index.php?rest_route=\/wp\/v2\/product\/99","targetHints":{"allow":["GET"]}}],"collection":[{"href":"https:\/\/new.star-gourmet.com\/index.php?rest_route=\/wp\/v2\/product"}],"about":[{"href":"https:\/\/new.star-gourmet.com\/index.php?rest_route=\/wp\/v2\/types\/product"}],"replies":[{"embeddable":true,"href":"https:\/\/new.star-gourmet.com\/index.php?rest_route=%2Fwp%2Fv2%2Fcomments&post=99"}],"wp:attachment":[{"href":"https:\/\/new.star-gourmet.com\/index.php?rest_route=%2Fwp%2Fv2%2Fmedia&parent=99"}],"wp:term":[{"taxonomy":"product_brand","embeddable":true,"href":"https:\/\/new.star-gourmet.com\/index.php?rest_route=%2Fwp%2Fv2%2Fproduct_brand&post=99"},{"taxonomy":"product_cat","embeddable":true,"href":"https:\/\/new.star-gourmet.com\/index.php?rest_route=%2Fwp%2Fv2%2Fproduct_cat&post=99"},{"taxonomy":"product_tag","embeddable":true,"href":"https:\/\/new.star-gourmet.com\/index.php?rest_route=%2Fwp%2Fv2%2Fproduct_tag&post=99"}],"curies":[{"name":"wp","href":"https:\/\/api.w.org\/{rel}","templated":true}]}}