{"id":98,"date":"2026-03-26T11:55:27","date_gmt":"2026-03-26T10:55:27","guid":{"rendered":"https:\/\/new.star-gourmet.com\/?post_type=product&#038;p=98"},"modified":"2026-03-26T12:53:55","modified_gmt":"2026-03-26T11:53:55","slug":"salsa-teriyaki","status":"publish","type":"product","link":"https:\/\/new.star-gourmet.com\/?product=salsa-teriyaki","title":{"rendered":"SALSA <\/br> TERIYAKI"},"content":{"rendered":"<p>Las salsas Ilou combinan el savoir-faire de Soreal con ingredientes cuidadosamente seleccionados, asegurando que sus salsas sean un complemento perfecto para una amplia variedad de platos. Las salsas Ilou son made in France y est\u00e1n dise\u00f1adas para elevar el sabor de sus creaciones culinarias.<\/p>\n<p>Nuestra deliciosa salsa teriyaki es una opci\u00f3n exquisita y llena de sabor para llevar la aut\u00e9ntica esencia de la cocina asi\u00e1tica a sus platos. Elaborada con ingredientes de alta calidad, incluyendo salsa de soja, az\u00facar, mirin y especias, creando una combinaci\u00f3n perfecta de sabores dulces y salados.\u00a0Esta vers\u00e1til salsa es ideal para marinar carnes, pollo, pescados y verduras, as\u00ed como para glasear platillos y darles un toque oriental.<\/p>\n","protected":false},"excerpt":{"rendered":"<p>6 botes de 500 ml por caja.<\/p>\n","protected":false},"featured_media":0,"comment_status":"open","ping_status":"closed","template":"","meta":[],"product_brand":[],"product_cat":[33,35,36],"product_tag":[],"class_list":{"0":"post-98","1":"product","2":"type-product","3":"status-publish","5":"product_cat-food-service","6":"product_cat-salsas","7":"product_cat-salsas-asiaticas","9":"first","10":"instock","11":"shipping-taxable","12":"product-type-simple"},"_links":{"self":[{"href":"https:\/\/new.star-gourmet.com\/index.php?rest_route=\/wp\/v2\/product\/98","targetHints":{"allow":["GET"]}}],"collection":[{"href":"https:\/\/new.star-gourmet.com\/index.php?rest_route=\/wp\/v2\/product"}],"about":[{"href":"https:\/\/new.star-gourmet.com\/index.php?rest_route=\/wp\/v2\/types\/product"}],"replies":[{"embeddable":true,"href":"https:\/\/new.star-gourmet.com\/index.php?rest_route=%2Fwp%2Fv2%2Fcomments&post=98"}],"wp:attachment":[{"href":"https:\/\/new.star-gourmet.com\/index.php?rest_route=%2Fwp%2Fv2%2Fmedia&parent=98"}],"wp:term":[{"taxonomy":"product_brand","embeddable":true,"href":"https:\/\/new.star-gourmet.com\/index.php?rest_route=%2Fwp%2Fv2%2Fproduct_brand&post=98"},{"taxonomy":"product_cat","embeddable":true,"href":"https:\/\/new.star-gourmet.com\/index.php?rest_route=%2Fwp%2Fv2%2Fproduct_cat&post=98"},{"taxonomy":"product_tag","embeddable":true,"href":"https:\/\/new.star-gourmet.com\/index.php?rest_route=%2Fwp%2Fv2%2Fproduct_tag&post=98"}],"curies":[{"name":"wp","href":"https:\/\/api.w.org\/{rel}","templated":true}]}}