{"id":546,"date":"2026-03-26T13:03:58","date_gmt":"2026-03-26T12:03:58","guid":{"rendered":"https:\/\/new.star-gourmet.com\/?post_type=product&#038;p=546"},"modified":"2026-03-26T13:04:00","modified_gmt":"2026-03-26T12:04:00","slug":"carciofi-con-gambo","status":"publish","type":"product","link":"https:\/\/new.star-gourmet.com\/?product=carciofi-con-gambo","title":{"rendered":"CARCIOFI CON GAMBO"},"content":{"rendered":"<p>25\/27 un.<span class=\"Apple-converted-space\"> Las alcachofas con rabo al natural ofrecen una deliciosa y aut\u00e9ntica experiencia gastron\u00f3mica. Conservadas en su estado m\u00e1s puro, estas alcachofas mantienen su textura tierna y su sabor distintivo. El rabo, parte a menudo subestimada, a\u00f1ade un toque adicional de terneza y complejidad al plato. Perfectas como aperitivo o como ingrediente destacado en ensaladas y platos principales, las alcachofas con rabo al natural son una elecci\u00f3n gourmet que deleitar\u00e1 a los amantes de la cocina mediterr\u00e1nea.<\/span><\/p>\n","protected":false},"excerpt":{"rendered":"<p>Cajas de 6 latas. Peso neto: 2500 g por lata.<\/p>\n","protected":false},"featured_media":0,"comment_status":"open","ping_status":"closed","template":"","meta":[],"product_brand":[],"product_cat":[18,17,16],"product_tag":[],"class_list":{"0":"post-546","1":"product","2":"type-product","3":"status-publish","5":"product_cat-alcachofas","6":"product_cat-antipasti","7":"product_cat-specialita","9":"first","10":"instock","11":"featured","12":"shipping-taxable","13":"product-type-simple"},"_links":{"self":[{"href":"https:\/\/new.star-gourmet.com\/index.php?rest_route=\/wp\/v2\/product\/546","targetHints":{"allow":["GET"]}}],"collection":[{"href":"https:\/\/new.star-gourmet.com\/index.php?rest_route=\/wp\/v2\/product"}],"about":[{"href":"https:\/\/new.star-gourmet.com\/index.php?rest_route=\/wp\/v2\/types\/product"}],"replies":[{"embeddable":true,"href":"https:\/\/new.star-gourmet.com\/index.php?rest_route=%2Fwp%2Fv2%2Fcomments&post=546"}],"wp:attachment":[{"href":"https:\/\/new.star-gourmet.com\/index.php?rest_route=%2Fwp%2Fv2%2Fmedia&parent=546"}],"wp:term":[{"taxonomy":"product_brand","embeddable":true,"href":"https:\/\/new.star-gourmet.com\/index.php?rest_route=%2Fwp%2Fv2%2Fproduct_brand&post=546"},{"taxonomy":"product_cat","embeddable":true,"href":"https:\/\/new.star-gourmet.com\/index.php?rest_route=%2Fwp%2Fv2%2Fproduct_cat&post=546"},{"taxonomy":"product_tag","embeddable":true,"href":"https:\/\/new.star-gourmet.com\/index.php?rest_route=%2Fwp%2Fv2%2Fproduct_tag&post=546"}],"curies":[{"name":"wp","href":"https:\/\/api.w.org\/{rel}","templated":true}]}}