{"id":542,"date":"2026-03-26T13:03:58","date_gmt":"2026-03-26T12:03:58","guid":{"rendered":"https:\/\/new.star-gourmet.com\/?post_type=product&#038;p=542"},"modified":"2026-03-26T13:04:00","modified_gmt":"2026-03-26T12:04:00","slug":"pepinillos-en-rodajas","status":"publish","type":"product","link":"https:\/\/new.star-gourmet.com\/?product=pepinillos-en-rodajas","title":{"rendered":"Pepinillos en rodajas"},"content":{"rendered":"<p>Crujientes y agridulces, los pepinillos en rodajas de BROVER son perfectos para las preparaciones saladas de los profesionales de la restauraci\u00f3n. Ideales para hamburguesas o s\u00e1ndwiches, provienen de una selecci\u00f3n rigurosa y se preparan con una receta \u00fanica a base de vinagre.<\/p>\n","protected":false},"excerpt":{"rendered":"<p>2 botes de 2,3 kg por caja.<\/p>\n","protected":false},"featured_media":0,"comment_status":"open","ping_status":"closed","template":"","meta":[],"product_brand":[],"product_cat":[17,22,16],"product_tag":[],"class_list":{"0":"post-542","1":"product","2":"type-product","3":"status-publish","5":"product_cat-antipasti","6":"product_cat-pepinillos","7":"product_cat-specialita","9":"first","10":"instock","11":"shipping-taxable","12":"product-type-simple"},"_links":{"self":[{"href":"https:\/\/new.star-gourmet.com\/index.php?rest_route=\/wp\/v2\/product\/542","targetHints":{"allow":["GET"]}}],"collection":[{"href":"https:\/\/new.star-gourmet.com\/index.php?rest_route=\/wp\/v2\/product"}],"about":[{"href":"https:\/\/new.star-gourmet.com\/index.php?rest_route=\/wp\/v2\/types\/product"}],"replies":[{"embeddable":true,"href":"https:\/\/new.star-gourmet.com\/index.php?rest_route=%2Fwp%2Fv2%2Fcomments&post=542"}],"wp:attachment":[{"href":"https:\/\/new.star-gourmet.com\/index.php?rest_route=%2Fwp%2Fv2%2Fmedia&parent=542"}],"wp:term":[{"taxonomy":"product_brand","embeddable":true,"href":"https:\/\/new.star-gourmet.com\/index.php?rest_route=%2Fwp%2Fv2%2Fproduct_brand&post=542"},{"taxonomy":"product_cat","embeddable":true,"href":"https:\/\/new.star-gourmet.com\/index.php?rest_route=%2Fwp%2Fv2%2Fproduct_cat&post=542"},{"taxonomy":"product_tag","embeddable":true,"href":"https:\/\/new.star-gourmet.com\/index.php?rest_route=%2Fwp%2Fv2%2Fproduct_tag&post=542"}],"curies":[{"name":"wp","href":"https:\/\/api.w.org\/{rel}","templated":true}]}}