{"id":526,"date":"2026-03-26T13:03:57","date_gmt":"2026-03-26T12:03:57","guid":{"rendered":"https:\/\/new.star-gourmet.com\/?post_type=product&#038;p=526"},"modified":"2026-03-26T13:03:58","modified_gmt":"2026-03-26T12:03:58","slug":"tiramisu-clasico","status":"publish","type":"product","link":"https:\/\/new.star-gourmet.com\/?product=tiramisu-clasico","title":{"rendered":"Tiramis\u00fa cl\u00e1sico"},"content":{"rendered":"<p><strong>Tu postre hecho en casa.<\/strong><\/p>\n<p>Una l\u00ednea completa e innovadora de preparados para postres listos para usar, presentados en pr\u00e1cticos sobres de litro, pre-dosificados para una f\u00e1cil preparaci\u00f3n. Investigaci\u00f3n y desarrollo de vanguardia, materias primas cuidadosamente seleccionadas, az\u00facares nobles, aromas naturales, pasi\u00f3n y m\u00e1s de 20 a\u00f1os de experiencia garantizan una calidad incomparable, adem\u00e1s de un excelente rendimiento.<\/p>\n","protected":false},"excerpt":{"rendered":"<p>7 bolsas de 240 g por estuche. La caja contiene 2 estuches.<\/p>\n<p><strong>Preparaci\u00f3n:<\/strong><\/p>\n<table style=\"align-items: center;\" border=\"0\" width=\"90%\" cellspacing=\"2\">\n<tbody>\n<tr>\n<td style=\"width: 30%;\"><img loading=\"lazy\" decoding=\"async\" class=\"alignnone wp-image-2284 size-thumbnail aligncenter\" src=\"https:\/\/tutto-italia.star-gourmet.com\/wp-content\/uploads\/2023\/12\/recipe-1-150x150.jpg\" alt=\"\" width=\"150\" height=\"150\" \/><\/td>\n<td style=\"width: 30%;\"><img loading=\"lazy\" decoding=\"async\" class=\"wp-image-2291 size-thumbnail aligncenter\" src=\"https:\/\/tutto-italia.star-gourmet.com\/wp-content\/uploads\/2023\/12\/recipe-8-150x150.jpg\" alt=\"\" width=\"150\" height=\"150\" \/><\/td>\n<td style=\"width: 30%;\"><img loading=\"lazy\" decoding=\"async\" class=\"alignnone wp-image-2286 size-thumbnail aligncenter\" src=\"https:\/\/tutto-italia.star-gourmet.com\/wp-content\/uploads\/2023\/12\/recipe-3-150x150.jpg\" alt=\"\" width=\"150\" height=\"150\" \/><\/td>\n<\/tr>\n<tr>\n<td style=\"width: 30%; text-align: center; vertical-align: text-top;\">Diluir una bolsa en 1\/2 litro de nata fr\u00eda<\/td>\n<td style=\"width: 30%; text-align: center; vertical-align: text-top;\">Batir durante 2 min. Disponer una capa de bizcochos remojados en caf\u00e9 y cubrir con la crema alternando capas.<\/td>\n<td style=\"width: 30%; text-align: center; vertical-align: text-top;\">Dejar en nevera (+4\u00baC) durante 3-4 horas. Servir con cacao espolvoreado.<\/td>\n<\/tr>\n<\/tbody>\n<\/table>\n","protected":false},"featured_media":0,"comment_status":"open","ping_status":"closed","template":"","meta":[],"product_brand":[],"product_cat":[61,77],"product_tag":[],"class_list":{"0":"post-526","1":"product","2":"type-product","3":"status-publish","5":"product_cat-dolce","6":"product_cat-tu-postre-hecho-en-casa","8":"first","9":"instock","10":"shipping-taxable","11":"product-type-simple"},"_links":{"self":[{"href":"https:\/\/new.star-gourmet.com\/index.php?rest_route=\/wp\/v2\/product\/526","targetHints":{"allow":["GET"]}}],"collection":[{"href":"https:\/\/new.star-gourmet.com\/index.php?rest_route=\/wp\/v2\/product"}],"about":[{"href":"https:\/\/new.star-gourmet.com\/index.php?rest_route=\/wp\/v2\/types\/product"}],"replies":[{"embeddable":true,"href":"https:\/\/new.star-gourmet.com\/index.php?rest_route=%2Fwp%2Fv2%2Fcomments&post=526"}],"wp:attachment":[{"href":"https:\/\/new.star-gourmet.com\/index.php?rest_route=%2Fwp%2Fv2%2Fmedia&parent=526"}],"wp:term":[{"taxonomy":"product_brand","embeddable":true,"href":"https:\/\/new.star-gourmet.com\/index.php?rest_route=%2Fwp%2Fv2%2Fproduct_brand&post=526"},{"taxonomy":"product_cat","embeddable":true,"href":"https:\/\/new.star-gourmet.com\/index.php?rest_route=%2Fwp%2Fv2%2Fproduct_cat&post=526"},{"taxonomy":"product_tag","embeddable":true,"href":"https:\/\/new.star-gourmet.com\/index.php?rest_route=%2Fwp%2Fv2%2Fproduct_tag&post=526"}],"curies":[{"name":"wp","href":"https:\/\/api.w.org\/{rel}","templated":true}]}}