{"id":510,"date":"2026-03-26T13:03:52","date_gmt":"2026-03-26T12:03:52","guid":{"rendered":"https:\/\/new.star-gourmet.com\/?post_type=product&#038;p=510"},"modified":"2026-03-26T13:03:54","modified_gmt":"2026-03-26T12:03:54","slug":"arandano-iqf","status":"publish","type":"product","link":"https:\/\/new.star-gourmet.com\/?product=arandano-iqf","title":{"rendered":"Ar\u00e1ndano IQF"},"content":{"rendered":"<p>Disfruta de frutas frescas durante todo el a\u00f1o. Nuestras frutas congeladas IQF (Individual Quick Frozen) conservan la frescura, el sabor y los nutrientes de la fruta en su mejor momento.\u00a0Desde ar\u00e1ndanos jugosos hasta mangos exquisitos, ofrecemos una amplia gama de frutas IQF en pr\u00e1cticos envases que se adaptan a tus necesidades. Gracias a nuestra red global de socios, garantizamos la disponibilidad de frutas de alta calidad en cualquier estaci\u00f3n.\u00a0Vers\u00e1tiles y listas para usar. Calidad superior, sabor inigualable y la comodidad de tener fruta fresca a tu alcance en todo momento.\u00a0Proporcionamos el servicio log\u00edstico para entregas desde 1 pallet hasta carga completa, directamente desde el almac\u00e9n de nuestro fabricante en B\u00e9lgica.<\/p>\n","protected":false},"excerpt":{"rendered":"<p>4 bolsas de 2,5 kg por caja.<br \/>\nENV\u00cdOS DIRECTOS DESDE F\u00c1BRICA EN B\u00c9LGICA.<br \/>\nPalets completos 834 Kg (Industrial).<br \/>\nSe pueden mezclar m\u00e1ximo 4 referencias.<\/p>\n","protected":false},"featured_media":0,"comment_status":"open","ping_status":"closed","template":"","meta":[],"product_brand":[],"product_cat":[61,76],"product_tag":[],"class_list":{"0":"post-510","1":"product","2":"type-product","3":"status-publish","5":"product_cat-dolce","6":"product_cat-frutas-congeladas-iqf","8":"first","9":"instock","10":"shipping-taxable","11":"product-type-simple"},"_links":{"self":[{"href":"https:\/\/new.star-gourmet.com\/index.php?rest_route=\/wp\/v2\/product\/510","targetHints":{"allow":["GET"]}}],"collection":[{"href":"https:\/\/new.star-gourmet.com\/index.php?rest_route=\/wp\/v2\/product"}],"about":[{"href":"https:\/\/new.star-gourmet.com\/index.php?rest_route=\/wp\/v2\/types\/product"}],"replies":[{"embeddable":true,"href":"https:\/\/new.star-gourmet.com\/index.php?rest_route=%2Fwp%2Fv2%2Fcomments&post=510"}],"wp:attachment":[{"href":"https:\/\/new.star-gourmet.com\/index.php?rest_route=%2Fwp%2Fv2%2Fmedia&parent=510"}],"wp:term":[{"taxonomy":"product_brand","embeddable":true,"href":"https:\/\/new.star-gourmet.com\/index.php?rest_route=%2Fwp%2Fv2%2Fproduct_brand&post=510"},{"taxonomy":"product_cat","embeddable":true,"href":"https:\/\/new.star-gourmet.com\/index.php?rest_route=%2Fwp%2Fv2%2Fproduct_cat&post=510"},{"taxonomy":"product_tag","embeddable":true,"href":"https:\/\/new.star-gourmet.com\/index.php?rest_route=%2Fwp%2Fv2%2Fproduct_tag&post=510"}],"curies":[{"name":"wp","href":"https:\/\/api.w.org\/{rel}","templated":true}]}}