{"id":508,"date":"2026-03-26T13:03:52","date_gmt":"2026-03-26T12:03:52","guid":{"rendered":"https:\/\/new.star-gourmet.com\/?post_type=product&#038;p=508"},"modified":"2026-03-26T13:03:54","modified_gmt":"2026-03-26T12:03:54","slug":"ajo-cortado-en-cubos-4x4-mm","status":"publish","type":"product","link":"https:\/\/new.star-gourmet.com\/?product=ajo-cortado-en-cubos-4x4-mm","title":{"rendered":"Ajo cortado en cubos 4x4 mm"},"content":{"rendered":"<p>Ajo cortado en CUBOS de aproximadamente 4x4 mm.<\/p>\n<p>Chalota IQF cortada en cubos (4x4 mm)<\/p>\n<p>Herbafrost es un productor belga de hierbas congeladas con m\u00e1s de 20 a\u00f1os de experiencia. Ofrecen una amplia gama de hierbas, desde convencionales hasta ecol\u00f3gicas, con un enfoque 100% natural. Su calidad superior les ha convertido en l\u00edderes en el mercado europeo de hierbas congeladas IQF. Su proceso de cultivo propio garantiza hierbas de alta calidad con un sabor puro y aroma intenso, y gracias a la congelaci\u00f3n inmediata despu\u00e9s de la cosecha, mantienen su frescura sin aditivos. Preocupados por el medio ambiente, limitan su huella ecol\u00f3gica y utilizan pr\u00e1cticas sostenibles en su producci\u00f3n.<\/p>\n<p>Algunas aplicaciones posibles:<\/p>\n<ol>\n<li>Pasta: Agrega nuestro albahaca y or\u00e9gano congelados a tus salsas de pasta para obtener un aut\u00e9ntico sabor italiano. Espolvorea un poco de perejil congelado sobre tus platos de pasta terminados para un toque de frescura.<\/li>\n<li>Sopas y Guisos: Nuestro tomillo y romero congelados son perfectos para agregar profundidad de sabor a sopas y guisos reconfortantes.<\/li>\n<li>Verduras Asadas: Roc\u00eda tus verduras asadas con aceite de oliva y espolvorea nuestras hierbas mixtas o eneldo congelados para un toque delicioso y arom\u00e1tico.<\/li>\n<li>Marinadas y Aderezos: Crea marinadas sabrosas para tus carnes y aderezos para ensaladas utilizando nuestro ajo, cebollino y cilantro congelados.<\/li>\n<li>Salteados: Nuestro jengibre y citronela congelados agregar\u00e1n un toque aut\u00e9ntico asi\u00e1tico a tus platos salteados.<\/li>\n<li>Pizzas Caseras: Cubre tus pizzas caseras con nuestra albahaca y hojuelas de chile rojo congeladas para un sabor irresistible.<\/li>\n<li>Batidos y Bebidas Frescas: Mezcla nuestra menta o melisa congelada en tus batidos o inf\u00fandelas en bebidas refrescantes para un toque vivaz.<\/li>\n<\/ol>\n<p>Estos son solo algunos ejemplos, pero las posibilidades son infinitas con nuestras hierbas congeladas de alta calidad.<\/p>\n<div id=\"simple-translate\" class=\"simple-translate-system-theme\">\n<div>\n<div class=\"simple-translate-button isShow\" style=\"background-image: url('chrome-extension:\/\/ibplnjkanclpjokhdolnendpplpjiace\/icons\/512.png'); height: 22px; width: 22px; top: 93px; left: 15px;\"><\/div>\n<div class=\"simple-translate-panel \" style=\"width: 300px; height: 200px; top: 0px; left: 0px; font-size: 13px;\">\n<div class=\"simple-translate-result-wrapper\" style=\"overflow: hidden;\">\n<div class=\"simple-translate-move\" draggable=\"true\"><\/div>\n<div class=\"simple-translate-result-contents\">\n<p class=\"simple-translate-result\" dir=\"auto\">\n<p class=\"simple-translate-candidate\" dir=\"auto\">\n<\/div>\n<\/div>\n<\/div>\n<\/div>\n<\/div>\n","protected":false},"excerpt":{"rendered":"<p>8 bolsas de 250 g por caja.<\/p>\n","protected":false},"featured_media":0,"comment_status":"open","ping_status":"closed","template":"","meta":[],"product_brand":[],"product_cat":[33,34],"product_tag":[],"class_list":{"0":"post-508","1":"product","2":"type-product","3":"status-publish","5":"product_cat-food-service","6":"product_cat-hierbas-congeladas","8":"first","9":"instock","10":"shipping-taxable","11":"product-type-simple"},"_links":{"self":[{"href":"https:\/\/new.star-gourmet.com\/index.php?rest_route=\/wp\/v2\/product\/508","targetHints":{"allow":["GET"]}}],"collection":[{"href":"https:\/\/new.star-gourmet.com\/index.php?rest_route=\/wp\/v2\/product"}],"about":[{"href":"https:\/\/new.star-gourmet.com\/index.php?rest_route=\/wp\/v2\/types\/product"}],"replies":[{"embeddable":true,"href":"https:\/\/new.star-gourmet.com\/index.php?rest_route=%2Fwp%2Fv2%2Fcomments&post=508"}],"wp:attachment":[{"href":"https:\/\/new.star-gourmet.com\/index.php?rest_route=%2Fwp%2Fv2%2Fmedia&parent=508"}],"wp:term":[{"taxonomy":"product_brand","embeddable":true,"href":"https:\/\/new.star-gourmet.com\/index.php?rest_route=%2Fwp%2Fv2%2Fproduct_brand&post=508"},{"taxonomy":"product_cat","embeddable":true,"href":"https:\/\/new.star-gourmet.com\/index.php?rest_route=%2Fwp%2Fv2%2Fproduct_cat&post=508"},{"taxonomy":"product_tag","embeddable":true,"href":"https:\/\/new.star-gourmet.com\/index.php?rest_route=%2Fwp%2Fv2%2Fproduct_tag&post=508"}],"curies":[{"name":"wp","href":"https:\/\/api.w.org\/{rel}","templated":true}]}}