{"id":507,"date":"2026-03-26T13:03:52","date_gmt":"2026-03-26T12:03:52","guid":{"rendered":"https:\/\/new.star-gourmet.com\/?post_type=product&#038;p=507"},"modified":"2026-03-26T13:03:54","modified_gmt":"2026-03-26T12:03:54","slug":"spray-anti-adherente-uso-profesional","status":"publish","type":"product","link":"https:\/\/new.star-gourmet.com\/?product=spray-anti-adherente-uso-profesional","title":{"rendered":"SPRAY ANTI-ADHERENTE uso profesional"},"content":{"rendered":"<p>Desmoldeante para pasteler\u00eda y cocina.<\/p>\n<p>F\u00f3rmula libre de cera, est\u00e1 compuesto \u00fanicamente de aceite de girasol y lecitina de girasol, permitiendo un f\u00e1cil desprendimiento de cualquier tipo de superficie.<\/p>\n<p>Pr\u00e1ctico y r\u00e1pido para usar, es ideal para todo tipo de moldes, bandejas y soportes que necesiten \"untar con mantequilla\".<\/p>\n<p>El aceite de girasol adem\u00e1s de ser rico en vitamina E, reduce la cantidad de grasas saturadas.<\/p>\n","protected":false},"excerpt":{"rendered":"<p>6 botes 500 ml por caja.<\/p>\n","protected":false},"featured_media":0,"comment_status":"open","ping_status":"closed","template":"","meta":[],"product_brand":[],"product_cat":[75,61],"product_tag":[],"class_list":{"0":"post-507","1":"product","2":"type-product","3":"status-publish","5":"product_cat-complementos","6":"product_cat-dolce","8":"first","9":"instock","10":"shipping-taxable","11":"product-type-simple"},"_links":{"self":[{"href":"https:\/\/new.star-gourmet.com\/index.php?rest_route=\/wp\/v2\/product\/507","targetHints":{"allow":["GET"]}}],"collection":[{"href":"https:\/\/new.star-gourmet.com\/index.php?rest_route=\/wp\/v2\/product"}],"about":[{"href":"https:\/\/new.star-gourmet.com\/index.php?rest_route=\/wp\/v2\/types\/product"}],"replies":[{"embeddable":true,"href":"https:\/\/new.star-gourmet.com\/index.php?rest_route=%2Fwp%2Fv2%2Fcomments&post=507"}],"wp:attachment":[{"href":"https:\/\/new.star-gourmet.com\/index.php?rest_route=%2Fwp%2Fv2%2Fmedia&parent=507"}],"wp:term":[{"taxonomy":"product_brand","embeddable":true,"href":"https:\/\/new.star-gourmet.com\/index.php?rest_route=%2Fwp%2Fv2%2Fproduct_brand&post=507"},{"taxonomy":"product_cat","embeddable":true,"href":"https:\/\/new.star-gourmet.com\/index.php?rest_route=%2Fwp%2Fv2%2Fproduct_cat&post=507"},{"taxonomy":"product_tag","embeddable":true,"href":"https:\/\/new.star-gourmet.com\/index.php?rest_route=%2Fwp%2Fv2%2Fproduct_tag&post=507"}],"curies":[{"name":"wp","href":"https:\/\/api.w.org\/{rel}","templated":true}]}}