{"id":506,"date":"2026-03-26T13:03:52","date_gmt":"2026-03-26T12:03:52","guid":{"rendered":"https:\/\/new.star-gourmet.com\/?post_type=product&#038;p=506"},"modified":"2026-03-26T13:03:54","modified_gmt":"2026-03-26T12:03:54","slug":"succo-di-limone-zumo-de-limon-1-ltr","status":"publish","type":"product","link":"https:\/\/new.star-gourmet.com\/?product=succo-di-limone-zumo-de-limon-1-ltr","title":{"rendered":"SUCCO DI LIMONE (Zumo de lim\u00f3n) 1 Ltr."},"content":{"rendered":"<p>Producido exclusivamente con jugo y pulpa (100%) de limones sicilianos, mantiene intactas las caracter\u00edsticas t\u00edpicas de los limones frescos. Los limones sicilianos cosechados en el grado justo de madurez, exprimidos sin adici\u00f3n de aromas ni aditivos, dan un producto de caracter\u00edsticas pr\u00e1cticamente id\u00e9nticas a los limones frescos, reemplazando su uso sobre todo en los casos en que se deben utilizar cantidades considerables (por ejemplo en la preparaci\u00f3n de sorbetes, helados,...). Incluso en la cocina, el producto es de gran inter\u00e9s ya que es m\u00e1s econ\u00f3mico y pr\u00e1ctico que la fruta fresca.<br \/>\nProducto listo para usar y disponible todo el a\u00f1o con calidad constante. Practica la botella de cristal que evita cualquier desperdicio.<\/p>\n<p>Conserve las botellas en un lugar fresco y seco, lejos de fuentes de calor. Despu\u00e9s de abrir, coloque el producto en el refrigerador (0-4\u00b0C).<\/p>\n<div id=\"simple-translate\" class=\"simple-translate-system-theme\">\n<div>\n<div class=\"simple-translate-button isShow\" style=\"background-image: url('chrome-extension:\/\/ibplnjkanclpjokhdolnendpplpjiace\/icons\/512.png'); height: 22px; width: 22px; top: 201px; left: 922px;\"><\/div>\n<div class=\"simple-translate-panel \" style=\"width: 300px; height: 200px; top: 0px; left: 0px; font-size: 13px;\">\n<div class=\"simple-translate-result-wrapper\" style=\"overflow: hidden;\">\n<div class=\"simple-translate-move\" draggable=\"true\"><\/div>\n<div class=\"simple-translate-result-contents\">\n<p class=\"simple-translate-result\" dir=\"auto\">\n<p class=\"simple-translate-candidate\" dir=\"auto\">\n<\/div>\n<\/div>\n<\/div>\n<\/div>\n<\/div>\n","protected":false},"excerpt":{"rendered":"<p>6 botellas de 1 litro por caja.<\/p>\n","protected":false},"featured_media":0,"comment_status":"open","ping_status":"closed","template":"","meta":[],"product_brand":[],"product_cat":[75,61],"product_tag":[],"class_list":{"0":"post-506","1":"product","2":"type-product","3":"status-publish","5":"product_cat-complementos","6":"product_cat-dolce","8":"first","9":"instock","10":"shipping-taxable","11":"product-type-simple"},"_links":{"self":[{"href":"https:\/\/new.star-gourmet.com\/index.php?rest_route=\/wp\/v2\/product\/506","targetHints":{"allow":["GET"]}}],"collection":[{"href":"https:\/\/new.star-gourmet.com\/index.php?rest_route=\/wp\/v2\/product"}],"about":[{"href":"https:\/\/new.star-gourmet.com\/index.php?rest_route=\/wp\/v2\/types\/product"}],"replies":[{"embeddable":true,"href":"https:\/\/new.star-gourmet.com\/index.php?rest_route=%2Fwp%2Fv2%2Fcomments&post=506"}],"wp:attachment":[{"href":"https:\/\/new.star-gourmet.com\/index.php?rest_route=%2Fwp%2Fv2%2Fmedia&parent=506"}],"wp:term":[{"taxonomy":"product_brand","embeddable":true,"href":"https:\/\/new.star-gourmet.com\/index.php?rest_route=%2Fwp%2Fv2%2Fproduct_brand&post=506"},{"taxonomy":"product_cat","embeddable":true,"href":"https:\/\/new.star-gourmet.com\/index.php?rest_route=%2Fwp%2Fv2%2Fproduct_cat&post=506"},{"taxonomy":"product_tag","embeddable":true,"href":"https:\/\/new.star-gourmet.com\/index.php?rest_route=%2Fwp%2Fv2%2Fproduct_tag&post=506"}],"curies":[{"name":"wp","href":"https:\/\/api.w.org\/{rel}","templated":true}]}}