{"id":503,"date":"2026-03-26T13:03:52","date_gmt":"2026-03-26T12:03:52","guid":{"rendered":"https:\/\/new.star-gourmet.com\/?post_type=product&#038;p=503"},"modified":"2026-03-26T13:03:54","modified_gmt":"2026-03-26T12:03:54","slug":"chocolate-a-la-taza-en-polvo","status":"publish","type":"product","link":"https:\/\/new.star-gourmet.com\/?product=chocolate-a-la-taza-en-polvo","title":{"rendered":"CHOCOLATE A LA TAZA EN POLVO"},"content":{"rendered":"<p>Chocolate en polvo para beber, elaborado con cacao, az\u00facar y espesantes para la preparaci\u00f3n del cl\u00e1sico chocolate a la taza para beber en caliente.<\/p>\n<p>Recomendaciones de uso:<\/p>\n<p><strong>En chocolater\u00eda:<\/strong><br \/>\nSe espesa r\u00e1pidamente, no es necesario hervirlo.<\/p>\n<p>INSTRUCCIONES DE COCCI\u00d3N PARA UNA TAZA DE CHOCOLATE CALIENTE<\/p>\n<p>Disolver 25 g de Cacao (4 cucharaditas colmadas) en 125 ml de leche, a\u00f1adiendo la leche poco a poco. Aumente o disminuya la cantidad de Cacoa utilizada para obtener el espesor y el sabor que prefiera.<\/p>\n<p>EN UNA CACEROLA: calentar a fuego medio-bajo, removiendo continuamente hasta que el chocolate caliente tenga la consistencia deseada.<\/p>\n<p>EN EL MICROONDAS: calentar en microondas a 750W durante 1 minuto 15 segundos. Si desea un chocolate caliente m\u00e1s espeso, aumente el tiempo de cocci\u00f3n en 10 segundos. Para m\u00e1s de 1 taza, aumente el tiempo de cocci\u00f3n en 30 segundos por cada taza.<\/p>\n<p>M\u00c1QUINA DE EXPRESO: remover continuamente con la boquilla de vapor hasta que el chocolate caliente tenga la consistencia deseada.<\/p>\n","protected":false},"excerpt":{"rendered":"<p>5 bolsas de 1 kg por caja.<\/p>\n","protected":false},"featured_media":0,"comment_status":"open","ping_status":"closed","template":"","meta":[],"product_brand":[],"product_cat":[73,61],"product_tag":[],"class_list":{"0":"post-503","1":"product","2":"type-product","3":"status-publish","5":"product_cat-cacao","6":"product_cat-dolce","8":"first","9":"instock","10":"shipping-taxable","11":"product-type-simple"},"_links":{"self":[{"href":"https:\/\/new.star-gourmet.com\/index.php?rest_route=\/wp\/v2\/product\/503","targetHints":{"allow":["GET"]}}],"collection":[{"href":"https:\/\/new.star-gourmet.com\/index.php?rest_route=\/wp\/v2\/product"}],"about":[{"href":"https:\/\/new.star-gourmet.com\/index.php?rest_route=\/wp\/v2\/types\/product"}],"replies":[{"embeddable":true,"href":"https:\/\/new.star-gourmet.com\/index.php?rest_route=%2Fwp%2Fv2%2Fcomments&post=503"}],"wp:attachment":[{"href":"https:\/\/new.star-gourmet.com\/index.php?rest_route=%2Fwp%2Fv2%2Fmedia&parent=503"}],"wp:term":[{"taxonomy":"product_brand","embeddable":true,"href":"https:\/\/new.star-gourmet.com\/index.php?rest_route=%2Fwp%2Fv2%2Fproduct_brand&post=503"},{"taxonomy":"product_cat","embeddable":true,"href":"https:\/\/new.star-gourmet.com\/index.php?rest_route=%2Fwp%2Fv2%2Fproduct_cat&post=503"},{"taxonomy":"product_tag","embeddable":true,"href":"https:\/\/new.star-gourmet.com\/index.php?rest_route=%2Fwp%2Fv2%2Fproduct_tag&post=503"}],"curies":[{"name":"wp","href":"https:\/\/api.w.org\/{rel}","templated":true}]}}