{"id":500,"date":"2026-03-26T13:03:51","date_gmt":"2026-03-26T12:03:51","guid":{"rendered":"https:\/\/new.star-gourmet.com\/?post_type=product&#038;p=500"},"modified":"2026-03-26T13:03:53","modified_gmt":"2026-03-26T12:03:53","slug":"cobertura-de-chocolate-blanco-edelweiss","status":"publish","type":"product","link":"https:\/\/new.star-gourmet.com\/?product=cobertura-de-chocolate-blanco-edelweiss","title":{"rendered":"Cobertura de chocolate BLANCO EDELWEISS"},"content":{"rendered":"<p>Cobertura de chocolate blanco de primera calidad. 36% de az\u00facar y 36% manteca de cacao. Cremosa, intenso aroma a leche y vainilla, color marfil brillante, perfecta fluidez. La\u00a0 manteca de cacao de producci\u00f3n propia otorga a todos los chocolates Icam un perfil arom\u00e1tico limpio, en la receta del chocolate blanco realza la intensa fragancia a leche y vainilla. Chocolate vers\u00e1til por sabor y rendimiento t\u00e9cnico, es ideal para todos los usos. Recomendada para molde, formas huecas, ganache, recubrimiento y helader\u00eda.<\/p>\n<p><strong>En chocolater\u00eda<\/strong><br \/>\nEs la base para rellenos de chocolate. Excelente para moldear bombones, formas huecas, objetos de chocolate y huevos de Pascua. Tambi\u00e9n incorpora muy bien los colorantes liposolubles.<\/p>\n<p><strong>En pasteler\u00eda<\/strong><br \/>\nExcelente en la preparaci\u00f3n de glaseados y creaci\u00f3n de cremas, mousses, apto como base de chocolate para todas las preparaciones de reposter\u00eda.<\/p>\n<p><strong>En la elaboraci\u00f3n de helados<\/strong><br \/>\nExcelente para helado cremoso de chocolate blanco, tambi\u00e9n combinado con sabores de caramelo, zabaglione, almendras y pi\u00f1ones. Indicado para decoraciones y peque\u00f1as conchas portahelados (tazas, cucuruchos, cestas, etc.).<\/p>\n<div id=\"simple-translate\" class=\"simple-translate-system-theme\">\n<div>\n<div class=\"simple-translate-button isShow\" style=\"background-image: url('chrome-extension:\/\/ibplnjkanclpjokhdolnendpplpjiace\/icons\/512.png'); height: 22px; width: 22px; top: 144px; left: 216px;\"><\/div>\n<div class=\"simple-translate-panel \" style=\"width: 300px; height: 200px; top: 0px; left: 0px; font-size: 13px;\">\n<div class=\"simple-translate-result-wrapper\" style=\"overflow: hidden;\">\n<div class=\"simple-translate-move\" draggable=\"true\"><\/div>\n<div class=\"simple-translate-result-contents\">\n<p class=\"simple-translate-result\" dir=\"auto\">\n<p class=\"simple-translate-candidate\" dir=\"auto\">\n<\/div>\n<\/div>\n<\/div>\n<\/div>\n<\/div>\n","protected":false},"excerpt":{"rendered":"<p>3 bolsas de 4 kg por caja<\/p>\n","protected":false},"featured_media":0,"comment_status":"open","ping_status":"closed","template":"","meta":[],"product_brand":[],"product_cat":[72,61],"product_tag":[],"class_list":{"0":"post-500","1":"product","2":"type-product","3":"status-publish","5":"product_cat-coberturas-de-chocolate","6":"product_cat-dolce","8":"first","9":"instock","10":"shipping-taxable","11":"product-type-simple"},"_links":{"self":[{"href":"https:\/\/new.star-gourmet.com\/index.php?rest_route=\/wp\/v2\/product\/500","targetHints":{"allow":["GET"]}}],"collection":[{"href":"https:\/\/new.star-gourmet.com\/index.php?rest_route=\/wp\/v2\/product"}],"about":[{"href":"https:\/\/new.star-gourmet.com\/index.php?rest_route=\/wp\/v2\/types\/product"}],"replies":[{"embeddable":true,"href":"https:\/\/new.star-gourmet.com\/index.php?rest_route=%2Fwp%2Fv2%2Fcomments&post=500"}],"wp:attachment":[{"href":"https:\/\/new.star-gourmet.com\/index.php?rest_route=%2Fwp%2Fv2%2Fmedia&parent=500"}],"wp:term":[{"taxonomy":"product_brand","embeddable":true,"href":"https:\/\/new.star-gourmet.com\/index.php?rest_route=%2Fwp%2Fv2%2Fproduct_brand&post=500"},{"taxonomy":"product_cat","embeddable":true,"href":"https:\/\/new.star-gourmet.com\/index.php?rest_route=%2Fwp%2Fv2%2Fproduct_cat&post=500"},{"taxonomy":"product_tag","embeddable":true,"href":"https:\/\/new.star-gourmet.com\/index.php?rest_route=%2Fwp%2Fv2%2Fproduct_tag&post=500"}],"curies":[{"name":"wp","href":"https:\/\/api.w.org\/{rel}","templated":true}]}}