{"id":499,"date":"2026-03-26T13:03:51","date_gmt":"2026-03-26T12:03:51","guid":{"rendered":"https:\/\/new.star-gourmet.com\/?post_type=product&#038;p=499"},"modified":"2026-03-26T13:03:53","modified_gmt":"2026-03-26T12:03:53","slug":"cobertura-de-chocolate-latte-prestige","status":"publish","type":"product","link":"https:\/\/new.star-gourmet.com\/?product=cobertura-de-chocolate-latte-prestige","title":{"rendered":"Cobertura de chocolate LATTE PRESTIGE"},"content":{"rendered":"<p>Cobertura semifluida de chocolate con leche Latte Prestige. 32 % min. de cacao, 40 % m\u00e1x. de az\u00facar y 34% materia grasa. Vers\u00e1til y de caracter\u00edsticas universales. Sabor a leche acentuado, dulzor equilibrado con notas de caramelo. Recomendada para recubrimiento, molde, ganache y helader\u00eda. Se puede usar tambi\u00e9n para horneado.<\/p>\n<p><strong>Chocolater\u00eda<\/strong><br \/>\nMuy adecuado para molde (huevos, formas huecas, barras rellenas). Buen rendimiento en ganaches.<\/p>\n<p><strong>Pasteler\u00eda<\/strong><br \/>\nEn reposter\u00eda, dado su car\u00e1cter equilibrado, es ideal para la elaboraci\u00f3n b\u00e1sica de cremas y mousses de chocolate con leche para aromatizar y glasear.<\/p>\n<p><strong>Helader\u00eda<\/strong><br \/>\nEl buen sabor resulta ideal para helados, postres helados y sorbetes.<\/p>\n","protected":false},"excerpt":{"rendered":"<p>3 bolsas de 4 kg por caja.<\/p>\n","protected":false},"featured_media":0,"comment_status":"open","ping_status":"closed","template":"","meta":[],"product_brand":[],"product_cat":[72,61],"product_tag":[],"class_list":{"0":"post-499","1":"product","2":"type-product","3":"status-publish","5":"product_cat-coberturas-de-chocolate","6":"product_cat-dolce","8":"first","9":"instock","10":"shipping-taxable","11":"product-type-simple"},"_links":{"self":[{"href":"https:\/\/new.star-gourmet.com\/index.php?rest_route=\/wp\/v2\/product\/499","targetHints":{"allow":["GET"]}}],"collection":[{"href":"https:\/\/new.star-gourmet.com\/index.php?rest_route=\/wp\/v2\/product"}],"about":[{"href":"https:\/\/new.star-gourmet.com\/index.php?rest_route=\/wp\/v2\/types\/product"}],"replies":[{"embeddable":true,"href":"https:\/\/new.star-gourmet.com\/index.php?rest_route=%2Fwp%2Fv2%2Fcomments&post=499"}],"wp:attachment":[{"href":"https:\/\/new.star-gourmet.com\/index.php?rest_route=%2Fwp%2Fv2%2Fmedia&parent=499"}],"wp:term":[{"taxonomy":"product_brand","embeddable":true,"href":"https:\/\/new.star-gourmet.com\/index.php?rest_route=%2Fwp%2Fv2%2Fproduct_brand&post=499"},{"taxonomy":"product_cat","embeddable":true,"href":"https:\/\/new.star-gourmet.com\/index.php?rest_route=%2Fwp%2Fv2%2Fproduct_cat&post=499"},{"taxonomy":"product_tag","embeddable":true,"href":"https:\/\/new.star-gourmet.com\/index.php?rest_route=%2Fwp%2Fv2%2Fproduct_tag&post=499"}],"curies":[{"name":"wp","href":"https:\/\/api.w.org\/{rel}","templated":true}]}}