{"id":498,"date":"2026-03-26T13:03:51","date_gmt":"2026-03-26T12:03:51","guid":{"rendered":"https:\/\/new.star-gourmet.com\/?post_type=product&#038;p=498"},"modified":"2026-03-26T13:03:53","modified_gmt":"2026-03-26T12:03:53","slug":"cobertura-latte-gran-cru-pachiza-peru","status":"publish","type":"product","link":"https:\/\/new.star-gourmet.com\/?product=cobertura-latte-gran-cru-pachiza-peru","title":{"rendered":"Cobertura LATTE GRAN CRU PACHIZA PER\u00da"},"content":{"rendered":"<p>Cobertura de chocolate con leche Gran CRu Pachiza Per\u00fa. 39 % min. de cacao, 35% m\u00e1x. de az\u00facar y 30% materia grasa.\u00a0En la zona de Pachiza, en el valle del Huallaga Central, en el centro-norte de Per\u00fa, ICAM ha identificado plantaciones donde el procesamiento del cacao es particularmente preciso. Cacao Cru Pachiza que permite obtener un chocolate de calidad superior, con un sabor que acaricia el paladar y despierta emociones a trav\u00e9s de una amplia gama de aromas: gusto intenso y refinado, articulado en aromas de cacao: una ligera y agradable acidez de cacao precede al pleno sabor de la leche, dejando emerger en el final una deliciosa nota frutal acompa\u00f1ada de un postgusto de caf\u00e9 y vainilla, para una gran satisfacci\u00f3n en la degustaci\u00f3n. Color oscuro de chocolate con leche.<\/p>\n<p>Recomendado para recubrimiento, molde, ganache y helader\u00eda. Se puede usar para horneado.<\/p>\n<p><strong>Chocolater\u00eda<\/strong><br \/>\nLa excelente fluidez lo convierte en un producto especial para bombones de alto nivel, tambi\u00e9n para combinar con pastas de avellana, nuez, pistacho, naranja y caf\u00e9. Excelente como chocolate puro para realzar el sabor intenso del chocolate de Per\u00fa de origen \u00fanico. Ideal para una refinada taza de chocolate caliente, para cremas ganache y rellenos especiales. Equilibra bien con especias y es perfecto para degustar barras.<\/p>\n<p><strong>Pasteler\u00eda<\/strong><br \/>\nEn cremas de relleno, ligeras pero con mucha personalidad y en reposter\u00eda mignon.<\/p>\n<p><strong>Helader\u00eda<\/strong><br \/>\nEspecialmente indicado gracias a la excelente persistencia de su sabor en fr\u00edo: especial para semifr\u00edos y helados a base de leche \u2013 tambi\u00e9n en combinaci\u00f3n con avellanas y nueces; para un delicioso sorbete con un intenso sabor a chocolate con leche.<\/p>\n<div id=\"simple-translate\" class=\"simple-translate-system-theme\">\n<div>\n<div class=\"simple-translate-button isShow\" style=\"background-image: url('chrome-extension:\/\/ibplnjkanclpjokhdolnendpplpjiace\/icons\/512.png'); height: 22px; width: 22px; top: 246px; left: 1258px;\"><\/div>\n<div class=\"simple-translate-panel \" style=\"width: 300px; height: 200px; top: 0px; left: 0px; font-size: 13px;\">\n<div class=\"simple-translate-result-wrapper\" style=\"overflow: hidden;\">\n<div class=\"simple-translate-move\" draggable=\"true\"><\/div>\n<div class=\"simple-translate-result-contents\">\n<p class=\"simple-translate-result\" dir=\"auto\">\n<p class=\"simple-translate-candidate\" dir=\"auto\">\n<\/div>\n<\/div>\n<\/div>\n<\/div>\n<\/div>\n","protected":false},"excerpt":{"rendered":"<p>3 bolsas de 4 kg por caja.<\/p>\n","protected":false},"featured_media":0,"comment_status":"open","ping_status":"closed","template":"","meta":[],"product_brand":[],"product_cat":[72,61],"product_tag":[],"class_list":{"0":"post-498","1":"product","2":"type-product","3":"status-publish","5":"product_cat-coberturas-de-chocolate","6":"product_cat-dolce","8":"first","9":"instock","10":"shipping-taxable","11":"product-type-simple"},"_links":{"self":[{"href":"https:\/\/new.star-gourmet.com\/index.php?rest_route=\/wp\/v2\/product\/498","targetHints":{"allow":["GET"]}}],"collection":[{"href":"https:\/\/new.star-gourmet.com\/index.php?rest_route=\/wp\/v2\/product"}],"about":[{"href":"https:\/\/new.star-gourmet.com\/index.php?rest_route=\/wp\/v2\/types\/product"}],"replies":[{"embeddable":true,"href":"https:\/\/new.star-gourmet.com\/index.php?rest_route=%2Fwp%2Fv2%2Fcomments&post=498"}],"wp:attachment":[{"href":"https:\/\/new.star-gourmet.com\/index.php?rest_route=%2Fwp%2Fv2%2Fmedia&parent=498"}],"wp:term":[{"taxonomy":"product_brand","embeddable":true,"href":"https:\/\/new.star-gourmet.com\/index.php?rest_route=%2Fwp%2Fv2%2Fproduct_brand&post=498"},{"taxonomy":"product_cat","embeddable":true,"href":"https:\/\/new.star-gourmet.com\/index.php?rest_route=%2Fwp%2Fv2%2Fproduct_cat&post=498"},{"taxonomy":"product_tag","embeddable":true,"href":"https:\/\/new.star-gourmet.com\/index.php?rest_route=%2Fwp%2Fv2%2Fproduct_tag&post=498"}],"curies":[{"name":"wp","href":"https:\/\/api.w.org\/{rel}","templated":true}]}}