{"id":494,"date":"2026-03-26T13:03:47","date_gmt":"2026-03-26T12:03:47","guid":{"rendered":"https:\/\/new.star-gourmet.com\/?post_type=product&#038;p=494"},"modified":"2026-03-26T13:03:49","modified_gmt":"2026-03-26T12:03:49","slug":"cobertura-de-chocolate-fondente-gran-cru","status":"publish","type":"product","link":"https:\/\/new.star-gourmet.com\/?product=cobertura-de-chocolate-fondente-gran-cru","title":{"rendered":"Cobertura de chocolate FONDENTE GRAN CRU"},"content":{"rendered":"<p>Cobertura de chocolate negro Fondente Gran Cru LOS PALMARITOS. Origen Rep\u00fablica Dominicana.\u00a0 75% min. de cacao,24% m\u00e1x. de az\u00facar y 45% manteca de cacao.<\/p>\n<p>Producido con cacao procedente exclusivamente de la \u00fanica plantaci\u00f3n de Los Palmaritos en Rep\u00fablica Dominicana. Es un cacao raro cultivado en monta\u00f1as de suelos pobres.<br \/>\nEl chocolate tiene un gran car\u00e1cter y es arom\u00e1tico: un sabor poderoso e imperioso de cacao, intensamente perfumado con fruta fresca. Tono \u00e1cido medio, equilibrado en az\u00facar, amargo al paladar. \u00d3ptimo tanto en pureza como en combinaciones afrutadas.<\/p>\n<p><strong>Chocolater\u00eda<\/strong><br \/>\nIdeal para implementar gama de tabletas, macizas o con inclusiones; para hacer ganaches y chocolates calientes.<br \/>\nSe puede utilizar para ba\u00f1ar.<\/p>\n<p><strong>Pasteler\u00eda<\/strong><br \/>\nSe expresa mejor en la preparaci\u00f3n de cremas y mousses.<\/p>\n<p><strong>Helader\u00eda<\/strong><br \/>\nExcelente para semifr\u00edos y para personalizar tu base de helado, para un helado de chocolate con mucha personalidad. Excelente utilizado directamente como stracciatella.<\/p>\n","protected":false},"excerpt":{"rendered":"<p>3 bolsas de 4 kg cada una<\/p>\n","protected":false},"featured_media":0,"comment_status":"open","ping_status":"closed","template":"","meta":[],"product_brand":[],"product_cat":[72,61],"product_tag":[],"class_list":{"0":"post-494","1":"product","2":"type-product","3":"status-publish","5":"product_cat-coberturas-de-chocolate","6":"product_cat-dolce","8":"first","9":"instock","10":"shipping-taxable","11":"product-type-simple"},"_links":{"self":[{"href":"https:\/\/new.star-gourmet.com\/index.php?rest_route=\/wp\/v2\/product\/494","targetHints":{"allow":["GET"]}}],"collection":[{"href":"https:\/\/new.star-gourmet.com\/index.php?rest_route=\/wp\/v2\/product"}],"about":[{"href":"https:\/\/new.star-gourmet.com\/index.php?rest_route=\/wp\/v2\/types\/product"}],"replies":[{"embeddable":true,"href":"https:\/\/new.star-gourmet.com\/index.php?rest_route=%2Fwp%2Fv2%2Fcomments&post=494"}],"wp:attachment":[{"href":"https:\/\/new.star-gourmet.com\/index.php?rest_route=%2Fwp%2Fv2%2Fmedia&parent=494"}],"wp:term":[{"taxonomy":"product_brand","embeddable":true,"href":"https:\/\/new.star-gourmet.com\/index.php?rest_route=%2Fwp%2Fv2%2Fproduct_brand&post=494"},{"taxonomy":"product_cat","embeddable":true,"href":"https:\/\/new.star-gourmet.com\/index.php?rest_route=%2Fwp%2Fv2%2Fproduct_cat&post=494"},{"taxonomy":"product_tag","embeddable":true,"href":"https:\/\/new.star-gourmet.com\/index.php?rest_route=%2Fwp%2Fv2%2Fproduct_tag&post=494"}],"curies":[{"name":"wp","href":"https:\/\/api.w.org\/{rel}","templated":true}]}}