{"id":490,"date":"2026-03-26T13:03:47","date_gmt":"2026-03-26T12:03:47","guid":{"rendered":"https:\/\/new.star-gourmet.com\/?post_type=product&#038;p=490"},"modified":"2026-03-26T13:03:49","modified_gmt":"2026-03-26T12:03:49","slug":"bolas-de-pera-150-cm-de-diametro","status":"publish","type":"product","link":"https:\/\/new.star-gourmet.com\/?product=bolas-de-pera-150-cm-de-diametro","title":{"rendered":"BOLAS DE PERA 1,50 cm de di\u00e1metro"},"content":{"rendered":"<p>Bolas de pera de calidad, cuidadosamente elaboradas a partir de peras Williams rigurosamente seleccionadas por su color, textura y firmeza. De tama\u00f1o consistente y listas para usar, nuestras bolas de pera Williams Brover combinan igualmente bien con dulces y salados. Tanto en la decoraci\u00f3n como en la inclusi\u00f3n, aportan elegancia y dise\u00f1o a tus recetas.<\/p>\n<p>Bolas de pera Williams\u00a045\/49 unidades por lata.<\/p>\n","protected":false},"excerpt":{"rendered":"<p>12 latas de 425 ml por caja.<\/p>\n","protected":false},"featured_media":0,"comment_status":"open","ping_status":"closed","template":"","meta":[],"product_brand":[],"product_cat":[61,70],"product_tag":[],"class_list":{"0":"post-490","1":"product","2":"type-product","3":"status-publish","5":"product_cat-dolce","6":"product_cat-minifrutas","8":"first","9":"instock","10":"shipping-taxable","11":"product-type-simple"},"_links":{"self":[{"href":"https:\/\/new.star-gourmet.com\/index.php?rest_route=\/wp\/v2\/product\/490","targetHints":{"allow":["GET"]}}],"collection":[{"href":"https:\/\/new.star-gourmet.com\/index.php?rest_route=\/wp\/v2\/product"}],"about":[{"href":"https:\/\/new.star-gourmet.com\/index.php?rest_route=\/wp\/v2\/types\/product"}],"replies":[{"embeddable":true,"href":"https:\/\/new.star-gourmet.com\/index.php?rest_route=%2Fwp%2Fv2%2Fcomments&post=490"}],"wp:attachment":[{"href":"https:\/\/new.star-gourmet.com\/index.php?rest_route=%2Fwp%2Fv2%2Fmedia&parent=490"}],"wp:term":[{"taxonomy":"product_brand","embeddable":true,"href":"https:\/\/new.star-gourmet.com\/index.php?rest_route=%2Fwp%2Fv2%2Fproduct_brand&post=490"},{"taxonomy":"product_cat","embeddable":true,"href":"https:\/\/new.star-gourmet.com\/index.php?rest_route=%2Fwp%2Fv2%2Fproduct_cat&post=490"},{"taxonomy":"product_tag","embeddable":true,"href":"https:\/\/new.star-gourmet.com\/index.php?rest_route=%2Fwp%2Fv2%2Fproduct_tag&post=490"}],"curies":[{"name":"wp","href":"https:\/\/api.w.org\/{rel}","templated":true}]}}