{"id":484,"date":"2026-03-26T13:03:47","date_gmt":"2026-03-26T12:03:47","guid":{"rendered":"https:\/\/new.star-gourmet.com\/?post_type=product&#038;p=484"},"modified":"2026-03-26T13:03:49","modified_gmt":"2026-03-26T12:03:49","slug":"mini-pinas-cortadas-en-rodajas","status":"publish","type":"product","link":"https:\/\/new.star-gourmet.com\/?product=mini-pinas-cortadas-en-rodajas","title":{"rendered":"MINI PI\u00d1AS CORTADAS EN RODAJAS"},"content":{"rendered":"<p>Rodajas mini pi\u00f1a en alm\u00edbar ligero.<\/p>\n<p>30 unidades por lata.<\/p>\n<p>Origen: Malasia, Tailandia e Indonesia.<\/p>\n","protected":false},"excerpt":{"rendered":"<p>12 latas de 850 ml por caja.<\/p>\n","protected":false},"featured_media":0,"comment_status":"open","ping_status":"closed","template":"","meta":[],"product_brand":[],"product_cat":[61,70],"product_tag":[],"class_list":{"0":"post-484","1":"product","2":"type-product","3":"status-publish","5":"product_cat-dolce","6":"product_cat-minifrutas","8":"first","9":"instock","10":"shipping-taxable","11":"product-type-simple"},"_links":{"self":[{"href":"https:\/\/new.star-gourmet.com\/index.php?rest_route=\/wp\/v2\/product\/484","targetHints":{"allow":["GET"]}}],"collection":[{"href":"https:\/\/new.star-gourmet.com\/index.php?rest_route=\/wp\/v2\/product"}],"about":[{"href":"https:\/\/new.star-gourmet.com\/index.php?rest_route=\/wp\/v2\/types\/product"}],"replies":[{"embeddable":true,"href":"https:\/\/new.star-gourmet.com\/index.php?rest_route=%2Fwp%2Fv2%2Fcomments&post=484"}],"wp:attachment":[{"href":"https:\/\/new.star-gourmet.com\/index.php?rest_route=%2Fwp%2Fv2%2Fmedia&parent=484"}],"wp:term":[{"taxonomy":"product_brand","embeddable":true,"href":"https:\/\/new.star-gourmet.com\/index.php?rest_route=%2Fwp%2Fv2%2Fproduct_brand&post=484"},{"taxonomy":"product_cat","embeddable":true,"href":"https:\/\/new.star-gourmet.com\/index.php?rest_route=%2Fwp%2Fv2%2Fproduct_cat&post=484"},{"taxonomy":"product_tag","embeddable":true,"href":"https:\/\/new.star-gourmet.com\/index.php?rest_route=%2Fwp%2Fv2%2Fproduct_tag&post=484"}],"curies":[{"name":"wp","href":"https:\/\/api.w.org\/{rel}","templated":true}]}}