{"id":480,"date":"2026-03-26T13:03:46","date_gmt":"2026-03-26T12:03:46","guid":{"rendered":"https:\/\/new.star-gourmet.com\/?post_type=product&#038;p=480"},"modified":"2026-03-26T13:03:48","modified_gmt":"2026-03-26T12:03:48","slug":"cerezas-enteras-sin-hueso","status":"publish","type":"product","link":"https:\/\/new.star-gourmet.com\/?product=cerezas-enteras-sin-hueso","title":{"rendered":"CEREZAS ENTERAS SIN HUESO"},"content":{"rendered":"<p>AMARENE DENOCCIOLATE. Cerezas enteras sin hueso<\/p>\n<p>Cerezas frescas, cuidadosamente seleccionadas y deshuesadas para obtener un producto \"Mangiatutto\" de muy alta calidad. Su composici\u00f3n es de un 60% de frutos enteros y el 40% restante por una base cremosa obtenida del batido de las propias cerezas. De esta manera, se crea un producto completamente utilizable que garantiza un rendimiento incomparable.<\/p>\n<p>Producto vers\u00e1til, listo para usar, de f\u00e1cil utilizaci\u00f3n en cocina para preparar postres y decoraciones en combinaci\u00f3n con cremas, cremas b\u00e1varas y helados frescos. Destaca el rendimiento incomparable gracias al uso de materia prima reci\u00e9n procesada y la base cremosa (cerezas batidas).<\/p>\n<p>Perfecto para ser utilizado como guarnici\u00f3n de helados, tartas, postres, o acompa\u00f1ado con nata montada o yogur natural. Indispensable para decorar mousses, panna cotta y semifr\u00edos.<\/p>\n<p>Lata de apertura f\u00e1cil. Producto disponible durante todo el a\u00f1o.<\/p>\n<p>PRODUCTO POR ENCARGO.<\/p>\n","protected":false},"excerpt":{"rendered":"<p>6 latas de 1 kg por caja.<\/p>\n","protected":false},"featured_media":0,"comment_status":"open","ping_status":"closed","template":"","meta":[],"product_brand":[],"product_cat":[61,68],"product_tag":[],"class_list":{"0":"post-480","1":"product","2":"type-product","3":"status-publish","5":"product_cat-dolce","6":"product_cat-frutos-del-bosque","8":"first","9":"instock","10":"shipping-taxable","11":"product-type-simple"},"_links":{"self":[{"href":"https:\/\/new.star-gourmet.com\/index.php?rest_route=\/wp\/v2\/product\/480","targetHints":{"allow":["GET"]}}],"collection":[{"href":"https:\/\/new.star-gourmet.com\/index.php?rest_route=\/wp\/v2\/product"}],"about":[{"href":"https:\/\/new.star-gourmet.com\/index.php?rest_route=\/wp\/v2\/types\/product"}],"replies":[{"embeddable":true,"href":"https:\/\/new.star-gourmet.com\/index.php?rest_route=%2Fwp%2Fv2%2Fcomments&post=480"}],"wp:attachment":[{"href":"https:\/\/new.star-gourmet.com\/index.php?rest_route=%2Fwp%2Fv2%2Fmedia&parent=480"}],"wp:term":[{"taxonomy":"product_brand","embeddable":true,"href":"https:\/\/new.star-gourmet.com\/index.php?rest_route=%2Fwp%2Fv2%2Fproduct_brand&post=480"},{"taxonomy":"product_cat","embeddable":true,"href":"https:\/\/new.star-gourmet.com\/index.php?rest_route=%2Fwp%2Fv2%2Fproduct_cat&post=480"},{"taxonomy":"product_tag","embeddable":true,"href":"https:\/\/new.star-gourmet.com\/index.php?rest_route=%2Fwp%2Fv2%2Fproduct_tag&post=480"}],"curies":[{"name":"wp","href":"https:\/\/api.w.org\/{rel}","templated":true}]}}