{"id":477,"date":"2026-03-26T13:03:46","date_gmt":"2026-03-26T12:03:46","guid":{"rendered":"https:\/\/new.star-gourmet.com\/?post_type=product&#038;p=477"},"modified":"2026-03-26T13:03:48","modified_gmt":"2026-03-26T12:03:48","slug":"arandanos-con-pulpa","status":"publish","type":"product","link":"https:\/\/new.star-gourmet.com\/?product=arandanos-con-pulpa","title":{"rendered":"AR\u00c1NDANOS CON PULPA"},"content":{"rendered":"<p>Ar\u00e1ndanos enteros con pulpa. Estos ar\u00e1ndanos silvestres, producidos estrictamente en fresco, tienen un tama\u00f1o ligeramente m\u00e1s peque\u00f1o que los cultivados: la dulzura y la calidad son inigualables. Adem\u00e1s de garantizar un rendimiento superior, sin duda son del agrado de los amantes de un producto 100% natural. La composici\u00f3n es de un 60% de frutas enteras y el 40% restante de una base cremosa obtenida del batido de los propios ar\u00e1ndanos. De esta manera, se crea un producto completamente utilizable que garantiza un rendimiento incomparable.<\/p>\n<p>Producto vers\u00e1til de f\u00e1cil utilizaci\u00f3n en cocina, ideal para preparar postres y para decoraciones en combinaci\u00f3n con cremas, cremas b\u00e1varas y helados frescos. Perfecto como guarnici\u00f3n de helados, tartas, postres, o acompa\u00f1ado de nata montada o yogur natural. Tambi\u00e9n son indispensables para decorar mousses, panna cotta y postres helados. Cabe resaltar el valor de contar con un producto 100% aprovechable que garantiza un rendimiento incomparable gracias al uso de materia prima fresca procesada y la base cremosa (ar\u00e1ndanos batidos).<\/p>\n<p>Lata de apertura f\u00e1cil. Producto listo para usar y disponible durante todo el a\u00f1o.<\/p>\n<p>PRODUCTO POR ENCARGO.<\/p>\n","protected":false},"excerpt":{"rendered":"<p>6 latas de 1 kg por caja.<\/p>\n","protected":false},"featured_media":0,"comment_status":"open","ping_status":"closed","template":"","meta":[],"product_brand":[],"product_cat":[61,68],"product_tag":[],"class_list":{"0":"post-477","1":"product","2":"type-product","3":"status-publish","5":"product_cat-dolce","6":"product_cat-frutos-del-bosque","8":"first","9":"instock","10":"shipping-taxable","11":"product-type-simple"},"_links":{"self":[{"href":"https:\/\/new.star-gourmet.com\/index.php?rest_route=\/wp\/v2\/product\/477","targetHints":{"allow":["GET"]}}],"collection":[{"href":"https:\/\/new.star-gourmet.com\/index.php?rest_route=\/wp\/v2\/product"}],"about":[{"href":"https:\/\/new.star-gourmet.com\/index.php?rest_route=\/wp\/v2\/types\/product"}],"replies":[{"embeddable":true,"href":"https:\/\/new.star-gourmet.com\/index.php?rest_route=%2Fwp%2Fv2%2Fcomments&post=477"}],"wp:attachment":[{"href":"https:\/\/new.star-gourmet.com\/index.php?rest_route=%2Fwp%2Fv2%2Fmedia&parent=477"}],"wp:term":[{"taxonomy":"product_brand","embeddable":true,"href":"https:\/\/new.star-gourmet.com\/index.php?rest_route=%2Fwp%2Fv2%2Fproduct_brand&post=477"},{"taxonomy":"product_cat","embeddable":true,"href":"https:\/\/new.star-gourmet.com\/index.php?rest_route=%2Fwp%2Fv2%2Fproduct_cat&post=477"},{"taxonomy":"product_tag","embeddable":true,"href":"https:\/\/new.star-gourmet.com\/index.php?rest_route=%2Fwp%2Fv2%2Fproduct_tag&post=477"}],"curies":[{"name":"wp","href":"https:\/\/api.w.org\/{rel}","templated":true}]}}