{"id":476,"date":"2026-03-26T13:03:46","date_gmt":"2026-03-26T12:03:46","guid":{"rendered":"https:\/\/new.star-gourmet.com\/?post_type=product&#038;p=476"},"modified":"2026-03-26T13:03:48","modified_gmt":"2026-03-26T12:03:48","slug":"frambuesas-enteras-con-pulpa","status":"publish","type":"product","link":"https:\/\/new.star-gourmet.com\/?product=frambuesas-enteras-con-pulpa","title":{"rendered":"FRAMBUESAS ENTERAS CON PULPA"},"content":{"rendered":"<p>Frambuesas enteras con pulpa. Producto estrictamente procesado en fresco, compuesto de un 60% de frambuesas enteras y el 40% restante de una base cremosa obtenida del batido de las propias frambuesas. De esta manera, se crea un producto completamente utilizable que garantiza un rendimiento incomparable.<\/p>\n<p>Producto vers\u00e1til de f\u00e1cil utilizaci\u00f3n en cocina, ideal para preparar postres y para decoraciones en combinaci\u00f3n con cremas, cremas b\u00e1varas y helados frescos. Perfecto como guarnici\u00f3n de helados, tartas, postres, o acompa\u00f1ado de nata montada o yogur natural. Tambi\u00e9n se pueden usar para decorar mousses, panna cotta y postres helados. Cabe resaltar el valor de contar con un producto 100% aprovechable que garantiza un rendimiento incomparable gracias al uso de materia prima fresca procesada y la base cremosa (ar\u00e1ndanos batidos).<\/p>\n<p>Lata de apertura f\u00e1cil. Producto listo para usar y disponible durante todo el a\u00f1o.<\/p>\n<p>PRODUCTO POR ENCARGO.<\/p>\n","protected":false},"excerpt":{"rendered":"<p>6 latas de 1 kg por caja.<\/p>\n<div id=\"simple-translate\" class=\"simple-translate-system-theme\">\n<div>\n<div class=\"simple-translate-button isShow\" style=\"background-image: url('chrome-extension:\/\/ibplnjkanclpjokhdolnendpplpjiace\/icons\/512.png'); height: 22px; width: 22px; top: 41px; left: 206px;\"><\/div>\n<div class=\"simple-translate-panel \" style=\"width: 300px; height: 200px; top: 0px; left: 0px; font-size: 13px;\">\n<div class=\"simple-translate-result-wrapper\" style=\"overflow: hidden;\">\n<div class=\"simple-translate-move\" draggable=\"true\"><\/div>\n<div class=\"simple-translate-result-contents\">\n<p class=\"simple-translate-candidate\" dir=\"auto\">\n<\/div>\n<\/div>\n<\/div>\n<\/div>\n<\/div>\n","protected":false},"featured_media":0,"comment_status":"open","ping_status":"closed","template":"","meta":[],"product_brand":[],"product_cat":[61,68],"product_tag":[],"class_list":{"0":"post-476","1":"product","2":"type-product","3":"status-publish","5":"product_cat-dolce","6":"product_cat-frutos-del-bosque","8":"first","9":"instock","10":"shipping-taxable","11":"product-type-simple"},"_links":{"self":[{"href":"https:\/\/new.star-gourmet.com\/index.php?rest_route=\/wp\/v2\/product\/476","targetHints":{"allow":["GET"]}}],"collection":[{"href":"https:\/\/new.star-gourmet.com\/index.php?rest_route=\/wp\/v2\/product"}],"about":[{"href":"https:\/\/new.star-gourmet.com\/index.php?rest_route=\/wp\/v2\/types\/product"}],"replies":[{"embeddable":true,"href":"https:\/\/new.star-gourmet.com\/index.php?rest_route=%2Fwp%2Fv2%2Fcomments&post=476"}],"wp:attachment":[{"href":"https:\/\/new.star-gourmet.com\/index.php?rest_route=%2Fwp%2Fv2%2Fmedia&parent=476"}],"wp:term":[{"taxonomy":"product_brand","embeddable":true,"href":"https:\/\/new.star-gourmet.com\/index.php?rest_route=%2Fwp%2Fv2%2Fproduct_brand&post=476"},{"taxonomy":"product_cat","embeddable":true,"href":"https:\/\/new.star-gourmet.com\/index.php?rest_route=%2Fwp%2Fv2%2Fproduct_cat&post=476"},{"taxonomy":"product_tag","embeddable":true,"href":"https:\/\/new.star-gourmet.com\/index.php?rest_route=%2Fwp%2Fv2%2Fproduct_tag&post=476"}],"curies":[{"name":"wp","href":"https:\/\/api.w.org\/{rel}","templated":true}]}}