{"id":471,"date":"2026-03-26T13:03:46","date_gmt":"2026-03-26T12:03:46","guid":{"rendered":"https:\/\/new.star-gourmet.com\/?post_type=product&#038;p=471"},"modified":"2026-03-26T13:03:48","modified_gmt":"2026-03-26T12:03:48","slug":"topping-frutos-bosque-2","status":"publish","type":"product","link":"https:\/\/new.star-gourmet.com\/?product=topping-frutos-bosque-2","title":{"rendered":"TOPPING FRUTOS BOSQUE"},"content":{"rendered":"<p>Topping Frutos del bosque.<\/p>\n<p>La l\u00ednea de topping Coronelli se presenta en un pr\u00e1ctico envase \"squeeze\".<br \/>\nLa particular concentraci\u00f3n del producto permite personalizar y enriquecer yogures, helados, fruta fresca, caf\u00e9, quesos frescos y a\u00f1ejos.<\/p>\n<div class=\"pl-prop-alimentare\"><img decoding=\"async\" class=\"alignleft\" src=\"https:\/\/www.coronelli.it\/media\/palma.jpg\" \/><\/div>\n<div class=\"pl-prop-alimentare\"><img decoding=\"async\" class=\"alignleft\" src=\"https:\/\/www.coronelli.it\/media\/gluten.jpg\" \/><\/div>\n<div class=\"pl-prop-alimentare\"><img decoding=\"async\" src=\"https:\/\/www.coronelli.it\/media\/idoneo_vegan.jpg\" \/><\/div>\n","protected":false},"excerpt":{"rendered":"<p>12 x 650 g<\/p>\n","protected":false},"featured_media":0,"comment_status":"open","ping_status":"closed","template":"","meta":[],"product_brand":[],"product_cat":[61,67],"product_tag":[],"class_list":{"0":"post-471","1":"product","2":"type-product","3":"status-publish","5":"product_cat-dolce","6":"product_cat-toppings-de-autor","8":"first","9":"instock","10":"shipping-taxable","11":"product-type-simple"},"_links":{"self":[{"href":"https:\/\/new.star-gourmet.com\/index.php?rest_route=\/wp\/v2\/product\/471","targetHints":{"allow":["GET"]}}],"collection":[{"href":"https:\/\/new.star-gourmet.com\/index.php?rest_route=\/wp\/v2\/product"}],"about":[{"href":"https:\/\/new.star-gourmet.com\/index.php?rest_route=\/wp\/v2\/types\/product"}],"replies":[{"embeddable":true,"href":"https:\/\/new.star-gourmet.com\/index.php?rest_route=%2Fwp%2Fv2%2Fcomments&post=471"}],"wp:attachment":[{"href":"https:\/\/new.star-gourmet.com\/index.php?rest_route=%2Fwp%2Fv2%2Fmedia&parent=471"}],"wp:term":[{"taxonomy":"product_brand","embeddable":true,"href":"https:\/\/new.star-gourmet.com\/index.php?rest_route=%2Fwp%2Fv2%2Fproduct_brand&post=471"},{"taxonomy":"product_cat","embeddable":true,"href":"https:\/\/new.star-gourmet.com\/index.php?rest_route=%2Fwp%2Fv2%2Fproduct_cat&post=471"},{"taxonomy":"product_tag","embeddable":true,"href":"https:\/\/new.star-gourmet.com\/index.php?rest_route=%2Fwp%2Fv2%2Fproduct_tag&post=471"}],"curies":[{"name":"wp","href":"https:\/\/api.w.org\/{rel}","templated":true}]}}