{"id":462,"date":"2026-03-26T13:03:42","date_gmt":"2026-03-26T12:03:42","guid":{"rendered":"https:\/\/new.star-gourmet.com\/?post_type=product&#038;p=462"},"modified":"2026-03-26T13:03:44","modified_gmt":"2026-03-26T12:03:44","slug":"cannolo-express-catering","status":"publish","type":"product","link":"https:\/\/new.star-gourmet.com\/?product=cannolo-express-catering","title":{"rendered":"CANNOLO EXPRESS CATERING"},"content":{"rendered":"<p>Cannolo Express Catering es un kit para cannoli sicilianos completo con todos los ingredientes y herramientas para rellenar los postres t\u00edpicos sicilianos: 53 conchas de cannoli mignon + 1 kg de crema de ricotta de oveja en manga de reposter\u00eda. Despu\u00e9s de abrir, la crema de ricotta Ricocrem se puede conservar en el frigor\u00edfico durante unos 7 d\u00edas, lo que permite su uso varias veces. Tiempo de descongelado: 2 horas a temperatura ambiente.<\/p>\n<p>El Kit Cannolo Express es un producto congelado dise\u00f1ado para profesionales del sector Horeca, restauraci\u00f3n y restauraci\u00f3n.<\/p>\n<p>Gracias a su integridad y practicidad, el kit de cannoli congelado Cannolo Express es el producto ideal para restauraci\u00f3n y organizaci\u00f3n de caterings, banquetes y buffets con dulces y postres.<\/p>\n<p>El cannolo siciliano es el postre m\u00e1s famoso de la pasteler\u00eda siciliana. Probablemente su \u00e9xito, adem\u00e1s de su bondad, se deba a su particular forma. El cannolo es en realidad un barquillo frito en forma de tubo relleno de crema de ricotta, que tradicionalmente es ricotta de oveja. Sin embargo, hay varias versiones que difieren en tama\u00f1o y\/o relleno. En este art\u00edculo descubriremos c\u00f3mo y cu\u00e1ndo se originaron los cannoli sicilianos.<\/p>\n","protected":false},"excerpt":{"rendered":"<p>1 pack<\/p>\n","protected":false},"featured_media":0,"comment_status":"open","ping_status":"closed","template":"","meta":[],"product_brand":[],"product_cat":[61,65],"product_tag":[],"class_list":{"0":"post-462","1":"product","2":"type-product","3":"status-publish","5":"product_cat-dolce","6":"product_cat-postres-helados","8":"first","9":"instock","10":"shipping-taxable","11":"product-type-simple"},"_links":{"self":[{"href":"https:\/\/new.star-gourmet.com\/index.php?rest_route=\/wp\/v2\/product\/462","targetHints":{"allow":["GET"]}}],"collection":[{"href":"https:\/\/new.star-gourmet.com\/index.php?rest_route=\/wp\/v2\/product"}],"about":[{"href":"https:\/\/new.star-gourmet.com\/index.php?rest_route=\/wp\/v2\/types\/product"}],"replies":[{"embeddable":true,"href":"https:\/\/new.star-gourmet.com\/index.php?rest_route=%2Fwp%2Fv2%2Fcomments&post=462"}],"wp:attachment":[{"href":"https:\/\/new.star-gourmet.com\/index.php?rest_route=%2Fwp%2Fv2%2Fmedia&parent=462"}],"wp:term":[{"taxonomy":"product_brand","embeddable":true,"href":"https:\/\/new.star-gourmet.com\/index.php?rest_route=%2Fwp%2Fv2%2Fproduct_brand&post=462"},{"taxonomy":"product_cat","embeddable":true,"href":"https:\/\/new.star-gourmet.com\/index.php?rest_route=%2Fwp%2Fv2%2Fproduct_cat&post=462"},{"taxonomy":"product_tag","embeddable":true,"href":"https:\/\/new.star-gourmet.com\/index.php?rest_route=%2Fwp%2Fv2%2Fproduct_tag&post=462"}],"curies":[{"name":"wp","href":"https:\/\/api.w.org\/{rel}","templated":true}]}}