{"id":461,"date":"2026-03-26T13:03:42","date_gmt":"2026-03-26T12:03:42","guid":{"rendered":"https:\/\/new.star-gourmet.com\/?post_type=product&#038;p=461"},"modified":"2026-03-26T13:03:44","modified_gmt":"2026-03-26T12:03:44","slug":"postre-tiramisu-savoiardi","status":"publish","type":"product","link":"https:\/\/new.star-gourmet.com\/?product=postre-tiramisu-savoiardi","title":{"rendered":"POSTRE TIRAMIS\u00da SAVOIARDI"},"content":{"rendered":"<p>Tiramis\u00fa Savoiardi.<\/p>\n<p class=\"p1\">El cl\u00e1sico tiramis\u00fa con una doble capa adornada con una deliciosa crema zabaglione y mascarpone.<\/p>\n<p class=\"p1\">Producto totalmente acabado, r\u00e1pido y f\u00e1cil usar, sin conservantes ni espesantes.<\/p>\n<p>Conservaci\u00f3n:\u00a0180 d\u00edas a partir de la fecha de producci\u00f3n. Una vez abierto, guarde el producto en el refrigerador hasta 3 d\u00edas.<br \/>\nAntes del consumo sacar del congelador y dejar en el refrigerador por 8 horas. No volver a congelar.<\/p>\n<p>&nbsp;<\/p>\n","protected":false},"excerpt":{"rendered":"<p>1 unidad de 1100 g por caja.<\/p>\n","protected":false},"featured_media":0,"comment_status":"open","ping_status":"closed","template":"","meta":[],"product_brand":[],"product_cat":[61,65],"product_tag":[],"class_list":{"0":"post-461","1":"product","2":"type-product","3":"status-publish","5":"product_cat-dolce","6":"product_cat-postres-helados","8":"first","9":"instock","10":"shipping-taxable","11":"product-type-simple"},"_links":{"self":[{"href":"https:\/\/new.star-gourmet.com\/index.php?rest_route=\/wp\/v2\/product\/461","targetHints":{"allow":["GET"]}}],"collection":[{"href":"https:\/\/new.star-gourmet.com\/index.php?rest_route=\/wp\/v2\/product"}],"about":[{"href":"https:\/\/new.star-gourmet.com\/index.php?rest_route=\/wp\/v2\/types\/product"}],"replies":[{"embeddable":true,"href":"https:\/\/new.star-gourmet.com\/index.php?rest_route=%2Fwp%2Fv2%2Fcomments&post=461"}],"wp:attachment":[{"href":"https:\/\/new.star-gourmet.com\/index.php?rest_route=%2Fwp%2Fv2%2Fmedia&parent=461"}],"wp:term":[{"taxonomy":"product_brand","embeddable":true,"href":"https:\/\/new.star-gourmet.com\/index.php?rest_route=%2Fwp%2Fv2%2Fproduct_brand&post=461"},{"taxonomy":"product_cat","embeddable":true,"href":"https:\/\/new.star-gourmet.com\/index.php?rest_route=%2Fwp%2Fv2%2Fproduct_cat&post=461"},{"taxonomy":"product_tag","embeddable":true,"href":"https:\/\/new.star-gourmet.com\/index.php?rest_route=%2Fwp%2Fv2%2Fproduct_tag&post=461"}],"curies":[{"name":"wp","href":"https:\/\/api.w.org\/{rel}","templated":true}]}}