{"id":458,"date":"2026-03-26T13:03:41","date_gmt":"2026-03-26T12:03:41","guid":{"rendered":"https:\/\/new.star-gourmet.com\/?post_type=product&#038;p=458"},"modified":"2026-03-26T13:03:44","modified_gmt":"2026-03-26T12:03:44","slug":"sorbete-de-manzana-verde","status":"publish","type":"product","link":"https:\/\/new.star-gourmet.com\/?product=sorbete-de-manzana-verde","title":{"rendered":"SORBETE DE MANZANA VERDE"},"content":{"rendered":"<p>Preparado para sorbete de manzana verde.<\/p>\n<p>La formulaci\u00f3n de los sorbetes de Ginos ha sido objeto de continuos estudios y desarrollos durante m\u00e1s de 5 a\u00f1os, hoy podemos decir que estos preparados son reconocidos por los clientes de la restauraci\u00f3n como los mejores que se ofrecen en este mercado. Ingredientes de primera calidad, az\u00facares nobles y ausencias puras son el secreto de una receta que permite un resultado inigualable. El producto en polvo se puede almacenar a temperatura ambiente incluso despu\u00e9s de abierto y esto gracias al alto contenido de az\u00facar que garantiza un alto y perfecto nivel de conservaci\u00f3n. NOTA: se recomienda utilizar agua mineral natural embotellada, para evitar la formaci\u00f3n de cristales de hielo en el sorbete.<\/p>\n<p>El sorbete es el \"dolce Freddo\" m\u00e1s antiguo de la historia y tambi\u00e9n es el postre m\u00e1s vendido de Ginos. Los sorbetes de Ginos son una propuesta ganadora llena de puntos fuertes, de calidad alta y constante, siempre cremosos y adem\u00e1s f\u00e1ciles y r\u00e1pidos de hacer. La combinaci\u00f3n m\u00e1quina + sorbete es sin\u00f3nimo de gran servicio: permite satisfacer un gran n\u00famero de peticiones en muy poco tiempo, con una excelente retenci\u00f3n del sorbete que se puede degustar con total tranquilidad.<\/p>\n<div id=\"simple-translate\" class=\"simple-translate-system-theme\">\n<div>\n<div class=\"simple-translate-button isShow\" style=\"background-image: url('chrome-extension:\/\/ibplnjkanclpjokhdolnendpplpjiace\/icons\/512.png'); height: 22px; width: 22px; top: 62px; left: -3px;\"><\/div>\n<div class=\"simple-translate-panel \" style=\"width: 300px; height: 200px; top: 0px; left: 0px; font-size: 13px;\">\n<div class=\"simple-translate-result-wrapper\" style=\"overflow: hidden;\">\n<div class=\"simple-translate-move\" draggable=\"true\"><\/div>\n<div class=\"simple-translate-result-contents\">\n<p class=\"simple-translate-result\" dir=\"auto\">\n<p class=\"simple-translate-candidate\" dir=\"auto\">\n<\/div>\n<\/div>\n<\/div>\n<\/div>\n<\/div>\n","protected":false},"excerpt":{"rendered":"<p>14 sobres de 1 kg por caja.<\/p>\n","protected":false},"featured_media":0,"comment_status":"open","ping_status":"closed","template":"","meta":[],"product_brand":[],"product_cat":[61,64],"product_tag":[],"class_list":{"0":"post-458","1":"product","2":"type-product","3":"status-publish","5":"product_cat-dolce","6":"product_cat-sorbetes","8":"first","9":"instock","10":"shipping-taxable","11":"product-type-simple"},"_links":{"self":[{"href":"https:\/\/new.star-gourmet.com\/index.php?rest_route=\/wp\/v2\/product\/458","targetHints":{"allow":["GET"]}}],"collection":[{"href":"https:\/\/new.star-gourmet.com\/index.php?rest_route=\/wp\/v2\/product"}],"about":[{"href":"https:\/\/new.star-gourmet.com\/index.php?rest_route=\/wp\/v2\/types\/product"}],"replies":[{"embeddable":true,"href":"https:\/\/new.star-gourmet.com\/index.php?rest_route=%2Fwp%2Fv2%2Fcomments&post=458"}],"wp:attachment":[{"href":"https:\/\/new.star-gourmet.com\/index.php?rest_route=%2Fwp%2Fv2%2Fmedia&parent=458"}],"wp:term":[{"taxonomy":"product_brand","embeddable":true,"href":"https:\/\/new.star-gourmet.com\/index.php?rest_route=%2Fwp%2Fv2%2Fproduct_brand&post=458"},{"taxonomy":"product_cat","embeddable":true,"href":"https:\/\/new.star-gourmet.com\/index.php?rest_route=%2Fwp%2Fv2%2Fproduct_cat&post=458"},{"taxonomy":"product_tag","embeddable":true,"href":"https:\/\/new.star-gourmet.com\/index.php?rest_route=%2Fwp%2Fv2%2Fproduct_tag&post=458"}],"curies":[{"name":"wp","href":"https:\/\/api.w.org\/{rel}","templated":true}]}}