{"id":457,"date":"2026-03-26T13:03:41","date_gmt":"2026-03-26T12:03:41","guid":{"rendered":"https:\/\/new.star-gourmet.com\/?post_type=product&#038;p=457"},"modified":"2026-03-26T13:03:44","modified_gmt":"2026-03-26T12:03:44","slug":"sorbetera-minigel-plus","status":"publish","type":"product","link":"https:\/\/new.star-gourmet.com\/?product=sorbetera-minigel-plus","title":{"rendered":"SORBETERA MINIGEL-PLUS"},"content":{"rendered":"<p><strong>Promoci\u00f3n:<\/strong><\/p>\n<p>HELADERA-SORBETERA MINIGEL PLUS<\/p>\n<p><strong>MINIGEL-PLUS 1<\/strong><\/p>\n<p>Siempre lista:<br \/>\nEquipada con un sensor de presencia de taza para una dispensaci\u00f3n r\u00e1pida.<br \/>\nImagen retroiluminada, tecnolog\u00eda LED.<br \/>\nSistema patentado de bloqueo de recipiente.<br \/>\nPantalla gr\u00e1fica para m\u00e1s informaci\u00f3n.<br \/>\nSistema de mezcla mejorado para un helado m\u00e1s espeso y compacto.<\/p>\n<div id=\"simple-translate\" class=\"simple-translate-system-theme\">\n<div>\n<div class=\"simple-translate-button isShow\" style=\"background-image: url('chrome-extension:\/\/ibplnjkanclpjokhdolnendpplpjiace\/icons\/512.png'); height: 22px; width: 22px; top: 46px; left: -29px;\"><\/div>\n<div class=\"simple-translate-panel \" style=\"width: 300px; height: 200px; top: 0px; left: 0px; font-size: 13px;\">\n<div class=\"simple-translate-result-wrapper\" style=\"overflow: hidden;\">\n<div class=\"simple-translate-move\" draggable=\"true\"><\/div>\n<div class=\"simple-translate-result-contents\">\n<p class=\"simple-translate-candidate\" dir=\"auto\">\n<\/div>\n<\/div>\n<\/div>\n<\/div>\n<\/div>\n","protected":false},"excerpt":{"rendered":"<p>Promoci\u00f3n: HELADERA-SORBETERA MINIGEL PLUS MINIGEL-PLUS 1 Siempre lista: Equipada con un sensor de presencia de taza para una dispensaci\u00f3n r\u00e1pida. Imagen retroiluminada, tecnolog\u00eda LED. Sistema patentado de bloqueo de recipiente. Pantalla gr\u00e1fica para m\u00e1s informaci\u00f3n. Sistema de mezcla mejorado para un helado m\u00e1s espeso y compacto.<\/p>\n","protected":false},"featured_media":0,"comment_status":"open","ping_status":"closed","template":"","meta":[],"product_brand":[],"product_cat":[61,63,64],"product_tag":[],"class_list":{"0":"post-457","1":"product","2":"type-product","3":"status-publish","5":"product_cat-dolce","6":"product_cat-helados","7":"product_cat-sorbetes","9":"first","10":"instock","11":"shipping-taxable","12":"product-type-simple"},"_links":{"self":[{"href":"https:\/\/new.star-gourmet.com\/index.php?rest_route=\/wp\/v2\/product\/457","targetHints":{"allow":["GET"]}}],"collection":[{"href":"https:\/\/new.star-gourmet.com\/index.php?rest_route=\/wp\/v2\/product"}],"about":[{"href":"https:\/\/new.star-gourmet.com\/index.php?rest_route=\/wp\/v2\/types\/product"}],"replies":[{"embeddable":true,"href":"https:\/\/new.star-gourmet.com\/index.php?rest_route=%2Fwp%2Fv2%2Fcomments&post=457"}],"wp:attachment":[{"href":"https:\/\/new.star-gourmet.com\/index.php?rest_route=%2Fwp%2Fv2%2Fmedia&parent=457"}],"wp:term":[{"taxonomy":"product_brand","embeddable":true,"href":"https:\/\/new.star-gourmet.com\/index.php?rest_route=%2Fwp%2Fv2%2Fproduct_brand&post=457"},{"taxonomy":"product_cat","embeddable":true,"href":"https:\/\/new.star-gourmet.com\/index.php?rest_route=%2Fwp%2Fv2%2Fproduct_cat&post=457"},{"taxonomy":"product_tag","embeddable":true,"href":"https:\/\/new.star-gourmet.com\/index.php?rest_route=%2Fwp%2Fv2%2Fproduct_tag&post=457"}],"curies":[{"name":"wp","href":"https:\/\/api.w.org\/{rel}","templated":true}]}}