{"id":454,"date":"2026-03-26T13:03:41","date_gmt":"2026-03-26T12:03:41","guid":{"rendered":"https:\/\/new.star-gourmet.com\/?post_type=product&#038;p=454"},"modified":"2026-03-26T13:03:43","modified_gmt":"2026-03-26T12:03:43","slug":"doppia-crema-al-pistacchio","status":"publish","type":"product","link":"https:\/\/new.star-gourmet.com\/?product=doppia-crema-al-pistacchio","title":{"rendered":"DOPPIA CREMA AL PISTACCHIO"},"content":{"rendered":"<p>Pasta concentrada de pistacho.<\/p>\n<p>La Doppia crema sabor pistacho es doblemente concentrada y mezclada con ingredientes seleccionados para obtener un producto ideal para ser utilizado como base para la preparaci\u00f3n de mousses, semifr\u00edos, panna cotta y helados.<br \/>\nLa pasta concentrada es un potenciador del sabor de la base cremosa que se utiliza para la elaboraci\u00f3n de mousses, semifreddi, helados y para aromatizar la panna cotta.<br \/>\nSu concentraci\u00f3n la convierte en un producto de alt\u00edsima calidad. Para su uso es recomendable seguir la dosificaci\u00f3n indicada en el envase. El producto se puede conservar a temperatura ambiente incluso despu\u00e9s de abierto y esto gracias al alto contenido de az\u00facar que garantiza una perfecta conservaci\u00f3n.<\/p>\n<p>Ideal para la elaboraci\u00f3n de helados, postres, mousses o como complemento de la panna cotta. Se utiliza simplemente mezclando con la base elegida, con un rendimiento de 100 gramos por kilogramo o litro de producto a procesar.<\/p>\n","protected":false},"excerpt":{"rendered":"<p>2 botes de 1 kg por caja.<\/p>\n","protected":false},"featured_media":0,"comment_status":"open","ping_status":"closed","template":"","meta":[],"product_brand":[],"product_cat":[61,63],"product_tag":[],"class_list":{"0":"post-454","1":"product","2":"type-product","3":"status-publish","5":"product_cat-dolce","6":"product_cat-helados","8":"first","9":"instock","10":"shipping-taxable","11":"product-type-simple"},"_links":{"self":[{"href":"https:\/\/new.star-gourmet.com\/index.php?rest_route=\/wp\/v2\/product\/454","targetHints":{"allow":["GET"]}}],"collection":[{"href":"https:\/\/new.star-gourmet.com\/index.php?rest_route=\/wp\/v2\/product"}],"about":[{"href":"https:\/\/new.star-gourmet.com\/index.php?rest_route=\/wp\/v2\/types\/product"}],"replies":[{"embeddable":true,"href":"https:\/\/new.star-gourmet.com\/index.php?rest_route=%2Fwp%2Fv2%2Fcomments&post=454"}],"wp:attachment":[{"href":"https:\/\/new.star-gourmet.com\/index.php?rest_route=%2Fwp%2Fv2%2Fmedia&parent=454"}],"wp:term":[{"taxonomy":"product_brand","embeddable":true,"href":"https:\/\/new.star-gourmet.com\/index.php?rest_route=%2Fwp%2Fv2%2Fproduct_brand&post=454"},{"taxonomy":"product_cat","embeddable":true,"href":"https:\/\/new.star-gourmet.com\/index.php?rest_route=%2Fwp%2Fv2%2Fproduct_cat&post=454"},{"taxonomy":"product_tag","embeddable":true,"href":"https:\/\/new.star-gourmet.com\/index.php?rest_route=%2Fwp%2Fv2%2Fproduct_tag&post=454"}],"curies":[{"name":"wp","href":"https:\/\/api.w.org\/{rel}","templated":true}]}}