{"id":453,"date":"2026-03-26T13:03:41","date_gmt":"2026-03-26T12:03:41","guid":{"rendered":"https:\/\/new.star-gourmet.com\/?post_type=product&#038;p=453"},"modified":"2026-03-26T13:03:43","modified_gmt":"2026-03-26T12:03:43","slug":"base-universal-para-helados","status":"publish","type":"product","link":"https:\/\/new.star-gourmet.com\/?product=base-universal-para-helados","title":{"rendered":"BASE UNIVERSAL PARA HELADOS"},"content":{"rendered":"<p>Base universal 750 g sin grasas, lactosa, gluten, ni aceite de palma.<\/p>\n<p>Base universal rica en fibras y prote\u00ednas vegetales especialmente formulada para una preparaci\u00f3n r\u00e1pida y c\u00f3moda de una amplia gama de postres y bebidas a base de frutas. El uso combinado de la m\u00e1quina sorbetera y los ajustes sugeridos por nosotros, le permitir\u00e1n crear r\u00e1pidamente postres congelados, sorbetes, batidos, helados, etc.<br \/>\nAdem\u00e1s, al ser un producto en polvo, se garantiza la conservaci\u00f3n a temperatura ambiente incluso despu\u00e9s de abierto.<\/p>\n<p><strong>Recetas de helader\u00eda:<\/strong><\/p>\n<p>Smoothie 1:<\/p>\n<ul>\n<li>1 bolsa de base universal<\/li>\n<li>2 paquetes de Pur\u00e9 de Frutos Rojos<\/li>\n<li>300 g de pur\u00e9 de apio blanco<\/li>\n<li>10 g de pur\u00e9 de jengibre<\/li>\n<li>1 litro de agua<\/li>\n<li>Temperatura de servicio: 2-4 \u00b0C<\/li>\n<li>Nivel de sorbetera 1<\/li>\n<\/ul>\n<p>Smoothie :<\/p>\n<ul>\n<li>1 bolsa de base universal<\/li>\n<li>2 paquetes de Pur\u00e9 de Frambuesa<\/li>\n<li>300 g de jugo de remolacha roja<\/li>\n<li>200 g de jugo de uva roja<\/li>\n<li>1 litro de agua<\/li>\n<li>Temperatura de servicio: 2-4 \u00b0C<\/li>\n<li>Nivel de sorbetera 1<\/li>\n<\/ul>\n<p>Granizados:<\/p>\n<ul>\n<li>1 bolsa de base universal<\/li>\n<li>2 paquetes de pur\u00e9 de frutas<\/li>\n<li>2 litros de agua<\/li>\n<li>Temperatura de servicio: -7\u00b0C<\/li>\n<li>Nivel de sorbetera 5<\/li>\n<\/ul>\n<p>Sorbetes:<\/p>\n<ul>\n<li>1 bolsa de base universal<\/li>\n<li>2 paquetes de pur\u00e9 de frutas<\/li>\n<li>1,5 litros de agua<\/li>\n<li>Temperatura de servicio: -10\u00b0C<\/li>\n<li>Nivel de sorbetera 6<\/li>\n<\/ul>\n<p>Helados:<\/p>\n<ul>\n<li>1 sobre de base universal<\/li>\n<li>2 sobres de pur\u00e9 de frutas<\/li>\n<li>1,5 litros de leche<\/li>\n<li>Temperatura de servicio: -12\u00b0C<\/li>\n<li>Nivel de sorbetera 7<\/li>\n<\/ul>\n<p>Como alternativa a los pur\u00e9s de frutas, la base se puede elaborar con cantidades iguales de fruta fresca batida al gusto (melocotones, pl\u00e1tanos, naranjas, coco, pomelo, papaya, mango, etc..etc..) a\u00fan con la m\u00e1quina sorbetera, a excepci\u00f3n de los helados.<\/p>\n","protected":false},"excerpt":{"rendered":"<p>16 sobres de 750 g por caja.<\/p>\n","protected":false},"featured_media":0,"comment_status":"open","ping_status":"closed","template":"","meta":[],"product_brand":[],"product_cat":[61,63],"product_tag":[],"class_list":{"0":"post-453","1":"product","2":"type-product","3":"status-publish","5":"product_cat-dolce","6":"product_cat-helados","8":"first","9":"instock","10":"shipping-taxable","11":"product-type-simple"},"_links":{"self":[{"href":"https:\/\/new.star-gourmet.com\/index.php?rest_route=\/wp\/v2\/product\/453","targetHints":{"allow":["GET"]}}],"collection":[{"href":"https:\/\/new.star-gourmet.com\/index.php?rest_route=\/wp\/v2\/product"}],"about":[{"href":"https:\/\/new.star-gourmet.com\/index.php?rest_route=\/wp\/v2\/types\/product"}],"replies":[{"embeddable":true,"href":"https:\/\/new.star-gourmet.com\/index.php?rest_route=%2Fwp%2Fv2%2Fcomments&post=453"}],"wp:attachment":[{"href":"https:\/\/new.star-gourmet.com\/index.php?rest_route=%2Fwp%2Fv2%2Fmedia&parent=453"}],"wp:term":[{"taxonomy":"product_brand","embeddable":true,"href":"https:\/\/new.star-gourmet.com\/index.php?rest_route=%2Fwp%2Fv2%2Fproduct_brand&post=453"},{"taxonomy":"product_cat","embeddable":true,"href":"https:\/\/new.star-gourmet.com\/index.php?rest_route=%2Fwp%2Fv2%2Fproduct_cat&post=453"},{"taxonomy":"product_tag","embeddable":true,"href":"https:\/\/new.star-gourmet.com\/index.php?rest_route=%2Fwp%2Fv2%2Fproduct_tag&post=453"}],"curies":[{"name":"wp","href":"https:\/\/api.w.org\/{rel}","templated":true}]}}