{"id":452,"date":"2026-03-26T13:03:41","date_gmt":"2026-03-26T12:03:41","guid":{"rendered":"https:\/\/new.star-gourmet.com\/?post_type=product&#038;p=452"},"modified":"2026-03-26T13:03:43","modified_gmt":"2026-03-26T12:03:43","slug":"mascarpone-envase-de-15-kg","status":"publish","type":"product","link":"https:\/\/new.star-gourmet.com\/?product=mascarpone-envase-de-15-kg","title":{"rendered":"MASCARPONE Envase de 1,5 Kg"},"content":{"rendered":"<p>Mascarpone. Suave y envolvente, es un cl\u00e1sico de la gastronom\u00eda italiana, apto para multitud de recetas.<\/p>\n<p>Producto fabricado en Italia cuidando cada detalle, eligiendo materias primas de la m\u00e1s alta calidad y garantizando la m\u00e1xima seguridad, para ofrecerte la mejor ricotta.<\/p>\n<p>En su producci\u00f3n la seguridad no es solo un compromiso, sino tambi\u00e9n una responsabilidad. Siempre han garantizado los m\u00e1s altos est\u00e1ndares de seguridad a trav\u00e9s de rigurosos protocolos. A trav\u00e9s de innovadores procesos tecnol\u00f3gicos se asegura el control de la cadena productiva del suero. Una garant\u00eda m\u00e1s de calidad y seguridad para clientes y consumidores.<\/p>\n","protected":false},"excerpt":{"rendered":"<p>3 botes de 1,5 kg por caja.<\/p>\n","protected":false},"featured_media":0,"comment_status":"open","ping_status":"closed","template":"","meta":[],"product_brand":[],"product_cat":[60,51],"product_tag":[],"class_list":{"0":"post-452","1":"product","2":"type-product","3":"status-publish","5":"product_cat-mascarpone","6":"product_cat-quesos","8":"first","9":"instock","10":"shipping-taxable","11":"product-type-simple"},"_links":{"self":[{"href":"https:\/\/new.star-gourmet.com\/index.php?rest_route=\/wp\/v2\/product\/452","targetHints":{"allow":["GET"]}}],"collection":[{"href":"https:\/\/new.star-gourmet.com\/index.php?rest_route=\/wp\/v2\/product"}],"about":[{"href":"https:\/\/new.star-gourmet.com\/index.php?rest_route=\/wp\/v2\/types\/product"}],"replies":[{"embeddable":true,"href":"https:\/\/new.star-gourmet.com\/index.php?rest_route=%2Fwp%2Fv2%2Fcomments&post=452"}],"wp:attachment":[{"href":"https:\/\/new.star-gourmet.com\/index.php?rest_route=%2Fwp%2Fv2%2Fmedia&parent=452"}],"wp:term":[{"taxonomy":"product_brand","embeddable":true,"href":"https:\/\/new.star-gourmet.com\/index.php?rest_route=%2Fwp%2Fv2%2Fproduct_brand&post=452"},{"taxonomy":"product_cat","embeddable":true,"href":"https:\/\/new.star-gourmet.com\/index.php?rest_route=%2Fwp%2Fv2%2Fproduct_cat&post=452"},{"taxonomy":"product_tag","embeddable":true,"href":"https:\/\/new.star-gourmet.com\/index.php?rest_route=%2Fwp%2Fv2%2Fproduct_tag&post=452"}],"curies":[{"name":"wp","href":"https:\/\/api.w.org\/{rel}","templated":true}]}}