{"id":448,"date":"2026-03-26T13:03:41","date_gmt":"2026-03-26T12:03:41","guid":{"rendered":"https:\/\/new.star-gourmet.com\/?post_type=product&#038;p=448"},"modified":"2026-03-26T13:03:43","modified_gmt":"2026-03-26T12:03:43","slug":"crema-de-queso-cheddar","status":"publish","type":"product","link":"https:\/\/new.star-gourmet.com\/?product=crema-de-queso-cheddar","title":{"rendered":"CREMA DE QUESO CHEDDAR"},"content":{"rendered":"<p>La gama Ilou de cremas de queso presenta 4 recetas que aportan sabor y una cremosa textura a tus creaciones.<\/p>\n<p>El sabor del cheddar es distintivo y lleno de car\u00e1cter. Es un queso con un perfil de sabor robusto y pronunciado. Su sabor es ligeramente salado, con notas a veces picantes y una ligera acidez. El cheddar puede variar en intensidad, desde suaves y cremosos hasta maduros y afilados, ofreciendo una amplia gama de opciones para satisfacer diferentes paladares. Su versatilidad hace que sea perfecto para acompa\u00f1ar s\u00e1ndwiches, gratinados o como ingrediente en diversas recetas culinarias.<\/p>\n<p>Las cremas de queso Ilou est\u00e1n listas para usar por los profesionales de la restauraci\u00f3n m\u00e1s exigentes. Ni demasiado espesas ni demasiado l\u00edquidas, permiten una f\u00e1cil visualizaci\u00f3n en un solo gesto. Pr\u00e1cticas para su dosificaci\u00f3n, las salsas de queso Ilou se pueden usar fr\u00edas en un s\u00e1ndwich, pero tambi\u00e9n calientes en una hamburguesa o tacos. Los restaurantes tem\u00e1ticos tambi\u00e9n lo aprecian para pizzas, gratinados o pastas.<\/p>\n<p>Envasada en una innovadora botella blanda 100% reciclable, \u00fanica en el mercado, que se basa en el concepto de manga pastelera.<br \/>\nFabricada con un 75 % menos de pl\u00e1stico que los envases est\u00e1ndar, est\u00e1 hecha de una pel\u00edcula monomaterial multicapa y es capaz de colocarse boca arriba o boca abajo. Ofrece precisi\u00f3n y un control \u00f3ptimo de la dosis deseada.\u00a0Gracias a la flexibilidad del material se puede utilizar el 96% de la cantidad total de producto, <strong>minimizando p\u00e9rdidas y reduciendo el desperdicio<\/strong>.<\/p>\n<p class=\"p1\">Menos pl\u00e1stico, menos desperdicio, la soluci\u00f3n perfecta<\/p>\n<p><img loading=\"lazy\" decoding=\"async\" class=\"size-medium wp-image-1608 alignnone\" src=\"https:\/\/tutto-italia.star-gourmet.com\/wp-content\/uploads\/2023\/04\/Captura-de-pantalla-2023-07-12-a-las-13.06.40-280x300.png\" alt=\"\" width=\"280\" height=\"300\" \/><\/p>\n<div id=\"simple-translate\" class=\"simple-translate-system-theme\">\n<div>\n<div class=\"simple-translate-button isShow\" style=\"background-image: url('chrome-extension:\/\/ibplnjkanclpjokhdolnendpplpjiace\/icons\/512.png'); height: 22px; width: 22px; top: 140px; left: 497px;\"><\/div>\n<div class=\"simple-translate-panel \" style=\"width: 300px; height: 200px; top: 0px; left: 0px; font-size: 13px;\">\n<div class=\"simple-translate-result-wrapper\" style=\"overflow: hidden;\">\n<div class=\"simple-translate-move\" draggable=\"true\"><\/div>\n<div class=\"simple-translate-result-contents\">\n<p class=\"simple-translate-result\" dir=\"auto\">\n<p class=\"simple-translate-candidate\" dir=\"auto\">\n<\/div>\n<\/div>\n<\/div>\n<\/div>\n<\/div>\n","protected":false},"excerpt":{"rendered":"<p>6 botellas de 600 g por caja.<\/p>\n","protected":false},"featured_media":0,"comment_status":"open","ping_status":"closed","template":"","meta":[],"product_brand":[],"product_cat":[58,51],"product_tag":[],"class_list":{"0":"post-448","1":"product","2":"type-product","3":"status-publish","5":"product_cat-cremas-de-queso","6":"product_cat-quesos","8":"first","9":"instock","10":"shipping-taxable","11":"product-type-simple"},"_links":{"self":[{"href":"https:\/\/new.star-gourmet.com\/index.php?rest_route=\/wp\/v2\/product\/448","targetHints":{"allow":["GET"]}}],"collection":[{"href":"https:\/\/new.star-gourmet.com\/index.php?rest_route=\/wp\/v2\/product"}],"about":[{"href":"https:\/\/new.star-gourmet.com\/index.php?rest_route=\/wp\/v2\/types\/product"}],"replies":[{"embeddable":true,"href":"https:\/\/new.star-gourmet.com\/index.php?rest_route=%2Fwp%2Fv2%2Fcomments&post=448"}],"wp:attachment":[{"href":"https:\/\/new.star-gourmet.com\/index.php?rest_route=%2Fwp%2Fv2%2Fmedia&parent=448"}],"wp:term":[{"taxonomy":"product_brand","embeddable":true,"href":"https:\/\/new.star-gourmet.com\/index.php?rest_route=%2Fwp%2Fv2%2Fproduct_brand&post=448"},{"taxonomy":"product_cat","embeddable":true,"href":"https:\/\/new.star-gourmet.com\/index.php?rest_route=%2Fwp%2Fv2%2Fproduct_cat&post=448"},{"taxonomy":"product_tag","embeddable":true,"href":"https:\/\/new.star-gourmet.com\/index.php?rest_route=%2Fwp%2Fv2%2Fproduct_tag&post=448"}],"curies":[{"name":"wp","href":"https:\/\/api.w.org\/{rel}","templated":true}]}}