{"id":446,"date":"2026-03-26T13:03:41","date_gmt":"2026-03-26T12:03:41","guid":{"rendered":"https:\/\/new.star-gourmet.com\/?post_type=product&#038;p=446"},"modified":"2026-03-26T13:03:43","modified_gmt":"2026-03-26T12:03:43","slug":"crema-cacio-e-pepe-con-pecorino-dop","status":"publish","type":"product","link":"https:\/\/new.star-gourmet.com\/?product=crema-cacio-e-pepe-con-pecorino-dop","title":{"rendered":"CREMA CACIO E PEPE con Pecorino DOP"},"content":{"rendered":"<p>La Crema Cacio e Pepe es uno de los pilares de la cocina italiana y es producida con aut\u00e9ntico Pecorino Romano DOP (Denominazione di Origine Protetta) y pimienta negra. Es un plato t\u00edpico de la cocina romana que se caracteriza por el sabor \u00fanico e intenso del Pecorino Romano y las notas arom\u00e1ticas de la pimienta negra.<\/p>\n<p>Ingredientes combinados de manera magistral para lograr un sabor exquisito. La crema Cacio e Pepe es ideal para condimentar platos de pasta y tambi\u00e9n puede ser untada sobre pan, tostadas y bruschettas.<\/p>\n<p>Es importante destacar que esta crema no contiene conservantes, lo que resalta a\u00fan m\u00e1s su autenticidad y calidad. Al utilizar ingredientes de alta calidad como el Pecorino Romano DOP y el pepe negro, se garantiza una experiencia gastron\u00f3mica aut\u00e9ntica y deliciosa.<\/p>\n<p>Esta crema es una verdadera joya de la cocina italiana y muestra c\u00f3mo la simplicidad y la calidad de los ingredientes pueden dar lugar a un resultado culinario excepcional. \u00a1Disfruta de esta delicia romana!<\/p>\n<p><strong>Caracter\u00edsticas:<\/strong><\/p>\n<ul>\n<li>Sabor distintivo de Pecorino Romano DOP y pimienta negra -<\/li>\n<li>Cremosa y f\u00e1cil de untar<\/li>\n<li>Al calentarse, se vuelve fluida, ideal para condimentar<\/li>\n<\/ul>\n<p><strong>Usos<\/strong>:<\/p>\n<ul>\n<li>Condimento para platos de pasta<\/li>\n<li>En pan y tostadas<\/li>\n<li>Para crostinis y aperitivos<\/li>\n<\/ul>\n<div id=\"simple-translate\" class=\"simple-translate-system-theme\">\n<div>\n<div class=\"simple-translate-button isShow\" style=\"background-image: url('chrome-extension:\/\/ibplnjkanclpjokhdolnendpplpjiace\/icons\/512.png'); height: 22px; width: 22px; top: 440px; left: 48px;\"><\/div>\n<div class=\"simple-translate-panel \" style=\"width: 300px; height: 200px; top: 0px; left: 0px; font-size: 13px;\">\n<div class=\"simple-translate-result-wrapper\" style=\"overflow: hidden;\">\n<div class=\"simple-translate-move\" draggable=\"true\"><\/div>\n<div class=\"simple-translate-result-contents\">\n<p class=\"simple-translate-candidate\" dir=\"auto\">\n<\/div>\n<\/div>\n<\/div>\n<\/div>\n<\/div>\n","protected":false},"excerpt":{"rendered":"<p>4 x 500 g<\/p>\n","protected":false},"featured_media":0,"comment_status":"open","ping_status":"closed","template":"","meta":[],"product_brand":[],"product_cat":[58,51],"product_tag":[],"class_list":{"0":"post-446","1":"product","2":"type-product","3":"status-publish","5":"product_cat-cremas-de-queso","6":"product_cat-quesos","8":"first","9":"instock","10":"shipping-taxable","11":"product-type-simple"},"_links":{"self":[{"href":"https:\/\/new.star-gourmet.com\/index.php?rest_route=\/wp\/v2\/product\/446","targetHints":{"allow":["GET"]}}],"collection":[{"href":"https:\/\/new.star-gourmet.com\/index.php?rest_route=\/wp\/v2\/product"}],"about":[{"href":"https:\/\/new.star-gourmet.com\/index.php?rest_route=\/wp\/v2\/types\/product"}],"replies":[{"embeddable":true,"href":"https:\/\/new.star-gourmet.com\/index.php?rest_route=%2Fwp%2Fv2%2Fcomments&post=446"}],"wp:attachment":[{"href":"https:\/\/new.star-gourmet.com\/index.php?rest_route=%2Fwp%2Fv2%2Fmedia&parent=446"}],"wp:term":[{"taxonomy":"product_brand","embeddable":true,"href":"https:\/\/new.star-gourmet.com\/index.php?rest_route=%2Fwp%2Fv2%2Fproduct_brand&post=446"},{"taxonomy":"product_cat","embeddable":true,"href":"https:\/\/new.star-gourmet.com\/index.php?rest_route=%2Fwp%2Fv2%2Fproduct_cat&post=446"},{"taxonomy":"product_tag","embeddable":true,"href":"https:\/\/new.star-gourmet.com\/index.php?rest_route=%2Fwp%2Fv2%2Fproduct_tag&post=446"}],"curies":[{"name":"wp","href":"https:\/\/api.w.org\/{rel}","templated":true}]}}