{"id":445,"date":"2026-03-26T13:03:41","date_gmt":"2026-03-26T12:03:41","guid":{"rendered":"https:\/\/new.star-gourmet.com\/?post_type=product&#038;p=445"},"modified":"2026-03-26T13:03:43","modified_gmt":"2026-03-26T12:03:43","slug":"crema-parmigiano-reggiano-a-la-trufa","status":"publish","type":"product","link":"https:\/\/new.star-gourmet.com\/?product=crema-parmigiano-reggiano-a-la-trufa","title":{"rendered":"CREMA PARMIGIANO REGGIANO A LA TRUFA"},"content":{"rendered":"<p>Autorizada por el consorcio del queso PARMIGIANO REGGIANO DOP.<\/p>\n<p>Producida utilizando el mejor PARMIGIANO REGGIANO DOP, esta crema realza el sabor \u00fanico e inconfundible del Rey de los quesos gracias a su combinaci\u00f3n con el delicado y caracter\u00edstico sabor de la trufa.<\/p>\n<p>Una explosi\u00f3n de sabor que se vuelve preciosa en la cocina para enriquecer r\u00e1pidos aperitivos con tostadas calientes y bruschettas.<\/p>\n<p>Ideal para condimentar risottos, pasta y sopas, la Crema de Parmigiano Reggiano a la Trufa aporta un sabor \u00fanico y especial a simples verduras cocidas o crudas y embellece platos principales de carne. No contiene conservantes.<\/p>\n<p>Caracter\u00edsticas:<\/p>\n<ul>\n<li>Sabor intenso de Parmigiano Reggiano y trufa<\/li>\n<li>Cremosa y f\u00e1cil de untar<\/li>\n<li>Al calentarse, se vuelve fluida, ideal para condimentar<\/li>\n<\/ul>\n<p>Usos:<\/p>\n<ul>\n<li>Condimento para platos de pasta<\/li>\n<li>Acompa\u00f1amiento para platos de carne<\/li>\n<li>Guarnici\u00f3n para platos de verduras<\/li>\n<li>Pinzimonio de verduras<\/li>\n<li>Snacks calientes<\/li>\n<li>Tostadas<\/li>\n<li>Pizza y focaccias<\/li>\n<\/ul>\n<div id=\"simple-translate\" class=\"simple-translate-system-theme\">\n<div>\n<div class=\"simple-translate-button isShow\" style=\"background-image: url('chrome-extension:\/\/ibplnjkanclpjokhdolnendpplpjiace\/icons\/512.png'); height: 22px; width: 22px; top: 55px; left: -15px;\"><\/div>\n<div class=\"simple-translate-panel \" style=\"width: 300px; height: 200px; top: 0px; left: 0px; font-size: 13px;\">\n<div class=\"simple-translate-result-wrapper\" style=\"overflow: hidden;\">\n<div class=\"simple-translate-move\" draggable=\"true\"><\/div>\n<div class=\"simple-translate-result-contents\">\n<p class=\"simple-translate-candidate\" dir=\"auto\">\n<\/div>\n<\/div>\n<\/div>\n<\/div>\n<\/div>\n","protected":false},"excerpt":{"rendered":"<p>4 x 500 g<\/p>\n","protected":false},"featured_media":0,"comment_status":"open","ping_status":"closed","template":"","meta":[],"product_brand":[],"product_cat":[58,51],"product_tag":[],"class_list":{"0":"post-445","1":"product","2":"type-product","3":"status-publish","5":"product_cat-cremas-de-queso","6":"product_cat-quesos","8":"first","9":"instock","10":"shipping-taxable","11":"product-type-simple"},"_links":{"self":[{"href":"https:\/\/new.star-gourmet.com\/index.php?rest_route=\/wp\/v2\/product\/445","targetHints":{"allow":["GET"]}}],"collection":[{"href":"https:\/\/new.star-gourmet.com\/index.php?rest_route=\/wp\/v2\/product"}],"about":[{"href":"https:\/\/new.star-gourmet.com\/index.php?rest_route=\/wp\/v2\/types\/product"}],"replies":[{"embeddable":true,"href":"https:\/\/new.star-gourmet.com\/index.php?rest_route=%2Fwp%2Fv2%2Fcomments&post=445"}],"wp:attachment":[{"href":"https:\/\/new.star-gourmet.com\/index.php?rest_route=%2Fwp%2Fv2%2Fmedia&parent=445"}],"wp:term":[{"taxonomy":"product_brand","embeddable":true,"href":"https:\/\/new.star-gourmet.com\/index.php?rest_route=%2Fwp%2Fv2%2Fproduct_brand&post=445"},{"taxonomy":"product_cat","embeddable":true,"href":"https:\/\/new.star-gourmet.com\/index.php?rest_route=%2Fwp%2Fv2%2Fproduct_cat&post=445"},{"taxonomy":"product_tag","embeddable":true,"href":"https:\/\/new.star-gourmet.com\/index.php?rest_route=%2Fwp%2Fv2%2Fproduct_tag&post=445"}],"curies":[{"name":"wp","href":"https:\/\/api.w.org\/{rel}","templated":true}]}}