{"id":444,"date":"2026-03-26T13:03:41","date_gmt":"2026-03-26T12:03:41","guid":{"rendered":"https:\/\/new.star-gourmet.com\/?post_type=product&#038;p=444"},"modified":"2026-03-26T13:03:42","modified_gmt":"2026-03-26T12:03:42","slug":"crema-de-parmigiano-reggiano","status":"publish","type":"product","link":"https:\/\/new.star-gourmet.com\/?product=crema-de-parmigiano-reggiano","title":{"rendered":"CREMA DE PARMIGIANO REGGIANO"},"content":{"rendered":"<p>Esta crema producida con el mejor Parmigiano Reggiano y autorizada por el consorcio de PARMIGIANO REGGIANO DOP, realza el sabor \u00fanico e inconfundible del Rey de los quesos.<\/p>\n<p>Cremosa y f\u00e1cil de untar, es ideal para usar en bocadillos o para decorar aperitivos fr\u00edos. Cuando se calienta, se vuelve fluida y acompa\u00f1a perfectamente todas las recetas, desde primeros hasta segundos, incluso pizza.<\/p>\n<p class=\"last-child\">La crema de Parmigiano Reggiano Calzetti no contiene conservantes.<\/p>\n<p><strong>Caracter\u00edsticas:<\/strong><br \/>\nIntenso sabor a Parmigiano Reggiano<br \/>\nCremosa y f\u00e1cil de untar<br \/>\nAl calentarse se vuelve fluida, ideal para sazonar<\/p>\n<p><strong>Usos:<\/strong><br \/>\nCondimento para primeros platos (ideal pasta y risotto)<br \/>\nAcompa\u00f1amiento de segundos (ideal carnes)<br \/>\nDulces y pasteles<br \/>\nGuarnici\u00f3n de platos de verduras<br \/>\nCrudit\u00e9s de verduras<br \/>\nBocadillos fr\u00edos y calientes<br \/>\nCanap\u00e9s<br \/>\nPizza y focaccia<\/p>\n","protected":false},"excerpt":{"rendered":"<p>4 x 500 g<\/p>\n","protected":false},"featured_media":0,"comment_status":"open","ping_status":"closed","template":"","meta":[],"product_brand":[],"product_cat":[58,51],"product_tag":[],"class_list":{"0":"post-444","1":"product","2":"type-product","3":"status-publish","5":"product_cat-cremas-de-queso","6":"product_cat-quesos","8":"first","9":"instock","10":"featured","11":"shipping-taxable","12":"product-type-simple"},"_links":{"self":[{"href":"https:\/\/new.star-gourmet.com\/index.php?rest_route=\/wp\/v2\/product\/444","targetHints":{"allow":["GET"]}}],"collection":[{"href":"https:\/\/new.star-gourmet.com\/index.php?rest_route=\/wp\/v2\/product"}],"about":[{"href":"https:\/\/new.star-gourmet.com\/index.php?rest_route=\/wp\/v2\/types\/product"}],"replies":[{"embeddable":true,"href":"https:\/\/new.star-gourmet.com\/index.php?rest_route=%2Fwp%2Fv2%2Fcomments&post=444"}],"wp:attachment":[{"href":"https:\/\/new.star-gourmet.com\/index.php?rest_route=%2Fwp%2Fv2%2Fmedia&parent=444"}],"wp:term":[{"taxonomy":"product_brand","embeddable":true,"href":"https:\/\/new.star-gourmet.com\/index.php?rest_route=%2Fwp%2Fv2%2Fproduct_brand&post=444"},{"taxonomy":"product_cat","embeddable":true,"href":"https:\/\/new.star-gourmet.com\/index.php?rest_route=%2Fwp%2Fv2%2Fproduct_cat&post=444"},{"taxonomy":"product_tag","embeddable":true,"href":"https:\/\/new.star-gourmet.com\/index.php?rest_route=%2Fwp%2Fv2%2Fproduct_tag&post=444"}],"curies":[{"name":"wp","href":"https:\/\/api.w.org\/{rel}","templated":true}]}}