{"id":443,"date":"2026-03-26T13:03:41","date_gmt":"2026-03-26T12:03:41","guid":{"rendered":"https:\/\/new.star-gourmet.com\/?post_type=product&#038;p=443"},"modified":"2026-03-26T13:03:42","modified_gmt":"2026-03-26T12:03:42","slug":"envoltini-de-speck-y-queso-de-cabra","status":"publish","type":"product","link":"https:\/\/new.star-gourmet.com\/?product=envoltini-de-speck-y-queso-de-cabra","title":{"rendered":"ENVOLTINI DE SPECK Y QUESO DE CABRA"},"content":{"rendered":"<p>Los envoltini de speck y queso de cabra son un delicioso aperitivo que combina los sabores salados y ahumados del speck con la suavidad y el sabor distintivo del queso de cabra.<\/p>\n<p>Son tiras de speck alrededor de peque\u00f1as porciones de queso de cabra, creando un peque\u00f1o rollito. Se pueden usar en platos fr\u00edos o bien asar, hornear o dorar en una sart\u00e9n para obtener una textura crujiente en el exterior y un interior suave y cremoso.<\/p>\n<p>El resultado es una combinaci\u00f3n de sabores equilibrados, donde el speck aporta un sabor salado y ahumado, mientras que el queso de cabra a\u00f1ade un toque cremoso y ligeramente \u00e1cido. Estos envoltini son un bocado sabroso y atractivo visualmente, perfectos para servir como aperitivo.<\/p>\n<div id=\"simple-translate\" class=\"simple-translate-system-theme\">\n<div>\n<div class=\"simple-translate-button isShow\" style=\"background-image: url('chrome-extension:\/\/ibplnjkanclpjokhdolnendpplpjiace\/icons\/512.png'); height: 22px; width: 22px; top: 50px; left: 362px;\"><\/div>\n<div class=\"simple-translate-panel \" style=\"width: 300px; height: 200px; top: 0px; left: 0px; font-size: 13px;\">\n<div class=\"simple-translate-result-wrapper\" style=\"overflow: hidden;\">\n<div class=\"simple-translate-move\" draggable=\"true\"><\/div>\n<div class=\"simple-translate-result-contents\">\n<p class=\"simple-translate-result\" dir=\"auto\">\n<p class=\"simple-translate-candidate\" dir=\"auto\">\n<\/div>\n<\/div>\n<\/div>\n<\/div>\n<\/div>\n","protected":false},"excerpt":{"rendered":"<p>6 bolsas de 500 g por caja.<\/p>\n<p>100 unid por bolsa aproximadamente.<\/p>\n","protected":false},"featured_media":0,"comment_status":"open","ping_status":"closed","template":"","meta":[],"product_brand":[],"product_cat":[57,51],"product_tag":[],"class_list":{"0":"post-443","1":"product","2":"type-product","3":"status-publish","5":"product_cat-queso-de-cabra","6":"product_cat-quesos","8":"first","9":"instock","10":"shipping-taxable","11":"product-type-simple"},"_links":{"self":[{"href":"https:\/\/new.star-gourmet.com\/index.php?rest_route=\/wp\/v2\/product\/443","targetHints":{"allow":["GET"]}}],"collection":[{"href":"https:\/\/new.star-gourmet.com\/index.php?rest_route=\/wp\/v2\/product"}],"about":[{"href":"https:\/\/new.star-gourmet.com\/index.php?rest_route=\/wp\/v2\/types\/product"}],"replies":[{"embeddable":true,"href":"https:\/\/new.star-gourmet.com\/index.php?rest_route=%2Fwp%2Fv2%2Fcomments&post=443"}],"wp:attachment":[{"href":"https:\/\/new.star-gourmet.com\/index.php?rest_route=%2Fwp%2Fv2%2Fmedia&parent=443"}],"wp:term":[{"taxonomy":"product_brand","embeddable":true,"href":"https:\/\/new.star-gourmet.com\/index.php?rest_route=%2Fwp%2Fv2%2Fproduct_brand&post=443"},{"taxonomy":"product_cat","embeddable":true,"href":"https:\/\/new.star-gourmet.com\/index.php?rest_route=%2Fwp%2Fv2%2Fproduct_cat&post=443"},{"taxonomy":"product_tag","embeddable":true,"href":"https:\/\/new.star-gourmet.com\/index.php?rest_route=%2Fwp%2Fv2%2Fproduct_tag&post=443"}],"curies":[{"name":"wp","href":"https:\/\/api.w.org\/{rel}","templated":true}]}}