{"id":442,"date":"2026-03-26T13:03:40","date_gmt":"2026-03-26T12:03:40","guid":{"rendered":"https:\/\/new.star-gourmet.com\/?post_type=product&#038;p=442"},"modified":"2026-03-26T13:03:42","modified_gmt":"2026-03-26T12:03:42","slug":"perlas-de-queso-de-cabra-con-mango","status":"publish","type":"product","link":"https:\/\/new.star-gourmet.com\/?product=perlas-de-queso-de-cabra-con-mango","title":{"rendered":"PERLAS DE QUESO DE CABRA CON MANGO"},"content":{"rendered":"<p>Perlas de queso de cabra rellena de mango. 5 g Producto IQF (Individual Quick Freezing)<\/p>\n<p>Este producto combina el queso de cabra con mango, creando una combinaci\u00f3n de sabores ex\u00f3ticos y deliciosos.<\/p>\n<p>Peque\u00f1as bolitas de queso de cabra rellenas con mango. El sabor resultante es una mezcla de la suavidad y el car\u00e1cter del queso de cabra con el dulzor tropical y jugoso del mango. Esta combinaci\u00f3n ofrece una experiencia gustativa \u00fanica y refrescante.<\/p>\n<p>Ideal para ser utilizado como aperitivo, acompa\u00f1amiento para ensaladas o para a\u00f1adir un toque especial a platos gourmet.<\/p>\n","protected":false},"excerpt":{"rendered":"<p>6 bolsas de 500 g por caja.<\/p>\n","protected":false},"featured_media":0,"comment_status":"open","ping_status":"closed","template":"","meta":[],"product_brand":[],"product_cat":[57,51],"product_tag":[],"class_list":{"0":"post-442","1":"product","2":"type-product","3":"status-publish","5":"product_cat-queso-de-cabra","6":"product_cat-quesos","8":"first","9":"instock","10":"shipping-taxable","11":"product-type-simple"},"_links":{"self":[{"href":"https:\/\/new.star-gourmet.com\/index.php?rest_route=\/wp\/v2\/product\/442","targetHints":{"allow":["GET"]}}],"collection":[{"href":"https:\/\/new.star-gourmet.com\/index.php?rest_route=\/wp\/v2\/product"}],"about":[{"href":"https:\/\/new.star-gourmet.com\/index.php?rest_route=\/wp\/v2\/types\/product"}],"replies":[{"embeddable":true,"href":"https:\/\/new.star-gourmet.com\/index.php?rest_route=%2Fwp%2Fv2%2Fcomments&post=442"}],"wp:attachment":[{"href":"https:\/\/new.star-gourmet.com\/index.php?rest_route=%2Fwp%2Fv2%2Fmedia&parent=442"}],"wp:term":[{"taxonomy":"product_brand","embeddable":true,"href":"https:\/\/new.star-gourmet.com\/index.php?rest_route=%2Fwp%2Fv2%2Fproduct_brand&post=442"},{"taxonomy":"product_cat","embeddable":true,"href":"https:\/\/new.star-gourmet.com\/index.php?rest_route=%2Fwp%2Fv2%2Fproduct_cat&post=442"},{"taxonomy":"product_tag","embeddable":true,"href":"https:\/\/new.star-gourmet.com\/index.php?rest_route=%2Fwp%2Fv2%2Fproduct_tag&post=442"}],"curies":[{"name":"wp","href":"https:\/\/api.w.org\/{rel}","templated":true}]}}