{"id":440,"date":"2026-03-26T13:03:40","date_gmt":"2026-03-26T12:03:40","guid":{"rendered":"https:\/\/new.star-gourmet.com\/?post_type=product&#038;p=440"},"modified":"2026-03-26T13:03:42","modified_gmt":"2026-03-26T12:03:42","slug":"pimientos-rellenos-con-queso-de-cabra","status":"publish","type":"product","link":"https:\/\/new.star-gourmet.com\/?product=pimientos-rellenos-con-queso-de-cabra","title":{"rendered":"PIMIENTOS RELLENOS CON QUESO DE CABRA"},"content":{"rendered":"<p>Los pimientos rellenos de queso de cabra son una deliciosa opci\u00f3n culinaria que combina la dulzura y suavidad de los pimientos con la cremosidad y el sabor distintivo del queso de cabra. Este plato es popular en muchas cocinas del mundo y puede ser servido como aperitivo, guarnici\u00f3n o incluso como plato principal.<\/p>\n<p>El queso de cabra utilizado en esta receta es cremoso y suave, lo que lo hace ideal para derretirse y mezclarse con el dulzor del pimiento mientras se cocina. La combinaci\u00f3n de sabores es exquisita, ya que el queso de cabra aporta un toque salado y ligeramente \u00e1cido que complementa muy bien la dulzura natural de los pimientos.<\/p>\n<p>Los pimientos rellenos de queso de cabra son una excelente opci\u00f3n para compartir en reuniones o fiestas, ya que siempre son bien recibidos por los comensales. Tambi\u00e9n pueden ser servidos como guarnici\u00f3n para acompa\u00f1ar platos de carne o pescado, o como plato principal si se sirven con una ensalada fresca o arroz.<\/p>\n<div id=\"simple-translate\" class=\"simple-translate-system-theme\">\n<div>\n<div class=\"simple-translate-button isShow\" style=\"background-image: url('chrome-extension:\/\/ibplnjkanclpjokhdolnendpplpjiace\/icons\/512.png'); height: 22px; width: 22px; top: 234px; left: -18px;\"><\/div>\n<div class=\"simple-translate-panel \" style=\"width: 300px; height: 200px; top: 0px; left: 0px; font-size: 13px;\">\n<div class=\"simple-translate-result-wrapper\" style=\"overflow: hidden;\">\n<div class=\"simple-translate-move\" draggable=\"true\"><\/div>\n<div class=\"simple-translate-result-contents\">\n<p class=\"simple-translate-result\" dir=\"auto\">\n<p class=\"simple-translate-candidate\" dir=\"auto\">\n<\/div>\n<\/div>\n<\/div>\n<\/div>\n<\/div>\n","protected":false},"excerpt":{"rendered":"<p>4 bandejas de 500 g por caja. 30 unidades por bandeja aproximadamente.<\/p>\n","protected":false},"featured_media":0,"comment_status":"open","ping_status":"closed","template":"","meta":[],"product_brand":[],"product_cat":[57,51],"product_tag":[],"class_list":{"0":"post-440","1":"product","2":"type-product","3":"status-publish","5":"product_cat-queso-de-cabra","6":"product_cat-quesos","8":"first","9":"instock","10":"shipping-taxable","11":"product-type-simple"},"_links":{"self":[{"href":"https:\/\/new.star-gourmet.com\/index.php?rest_route=\/wp\/v2\/product\/440","targetHints":{"allow":["GET"]}}],"collection":[{"href":"https:\/\/new.star-gourmet.com\/index.php?rest_route=\/wp\/v2\/product"}],"about":[{"href":"https:\/\/new.star-gourmet.com\/index.php?rest_route=\/wp\/v2\/types\/product"}],"replies":[{"embeddable":true,"href":"https:\/\/new.star-gourmet.com\/index.php?rest_route=%2Fwp%2Fv2%2Fcomments&post=440"}],"wp:attachment":[{"href":"https:\/\/new.star-gourmet.com\/index.php?rest_route=%2Fwp%2Fv2%2Fmedia&parent=440"}],"wp:term":[{"taxonomy":"product_brand","embeddable":true,"href":"https:\/\/new.star-gourmet.com\/index.php?rest_route=%2Fwp%2Fv2%2Fproduct_brand&post=440"},{"taxonomy":"product_cat","embeddable":true,"href":"https:\/\/new.star-gourmet.com\/index.php?rest_route=%2Fwp%2Fv2%2Fproduct_cat&post=440"},{"taxonomy":"product_tag","embeddable":true,"href":"https:\/\/new.star-gourmet.com\/index.php?rest_route=%2Fwp%2Fv2%2Fproduct_tag&post=440"}],"curies":[{"name":"wp","href":"https:\/\/api.w.org\/{rel}","templated":true}]}}