{"id":439,"date":"2026-03-26T13:03:40","date_gmt":"2026-03-26T12:03:40","guid":{"rendered":"https:\/\/new.star-gourmet.com\/?post_type=product&#038;p=439"},"modified":"2026-03-26T13:03:42","modified_gmt":"2026-03-26T12:03:42","slug":"cuore-di-burrata-tarrina-200-g","status":"publish","type":"product","link":"https:\/\/new.star-gourmet.com\/?product=cuore-di-burrata-tarrina-200-g","title":{"rendered":"CUORE DI BURRATA Tarrina 200 g"},"content":{"rendered":"<p>El \"Cuore di Burrata\" es el coraz\u00f3n cremoso y suave que se encuentra dentro de la burrata. Es la parte m\u00e1s apreciada y deliciosa de este queso. Est\u00e1 compuesto por tiras de mozzarella deshilachada y una cremosa mezcla de crema de leche.<\/p>\n<p>Es precisamente esta parte interna, conocida como el \"Cuore di Burrata\", la que se disfruta y se saborea por su textura rica y suave, as\u00ed como por su sabor delicado y l\u00e1cteo. Es la combinaci\u00f3n de la capa externa de mozzarella y este interior suave lo que hace que la burrata sea tan apreciada y especial en la gastronom\u00eda italiana.<\/p>\n<p>El \"Cuore di Burrata\" es perfecto para disfrutarse solo, con un poco de aceite de oliva y pimienta, o como parte de diversas preparaciones culinarias, como ensaladas, platos de pasta, pizzas o bruschettas. Su cremosidad y sabor indulgente lo hacen un ingrediente vers\u00e1til y exquisito en la cocina.<\/p>\n<div id=\"simple-translate\" class=\"simple-translate-system-theme\">\n<div>\n<div class=\"simple-translate-button isShow\" style=\"background-image: url('chrome-extension:\/\/ibplnjkanclpjokhdolnendpplpjiace\/icons\/512.png'); height: 22px; width: 22px; top: 48px; left: -4px;\"><\/div>\n<div class=\"simple-translate-panel \" style=\"width: 300px; height: 200px; top: 0px; left: 0px; font-size: 13px;\">\n<div class=\"simple-translate-result-wrapper\" style=\"overflow: hidden;\">\n<div class=\"simple-translate-move\" draggable=\"true\"><\/div>\n<div class=\"simple-translate-result-contents\">\n<p class=\"simple-translate-result\" dir=\"auto\">\n<p class=\"simple-translate-candidate\" dir=\"auto\">\n<\/div>\n<\/div>\n<\/div>\n<\/div>\n<\/div>\n","protected":false},"excerpt":{"rendered":"<p>10 tarrinas de 200 g por caja.<\/p>\n","protected":false},"featured_media":0,"comment_status":"open","ping_status":"closed","template":"","meta":[],"product_brand":[],"product_cat":[56,51],"product_tag":[],"class_list":{"0":"post-439","1":"product","2":"type-product","3":"status-publish","5":"product_cat-burrata","6":"product_cat-quesos","8":"first","9":"instock","10":"shipping-taxable","11":"product-type-simple"},"_links":{"self":[{"href":"https:\/\/new.star-gourmet.com\/index.php?rest_route=\/wp\/v2\/product\/439","targetHints":{"allow":["GET"]}}],"collection":[{"href":"https:\/\/new.star-gourmet.com\/index.php?rest_route=\/wp\/v2\/product"}],"about":[{"href":"https:\/\/new.star-gourmet.com\/index.php?rest_route=\/wp\/v2\/types\/product"}],"replies":[{"embeddable":true,"href":"https:\/\/new.star-gourmet.com\/index.php?rest_route=%2Fwp%2Fv2%2Fcomments&post=439"}],"wp:attachment":[{"href":"https:\/\/new.star-gourmet.com\/index.php?rest_route=%2Fwp%2Fv2%2Fmedia&parent=439"}],"wp:term":[{"taxonomy":"product_brand","embeddable":true,"href":"https:\/\/new.star-gourmet.com\/index.php?rest_route=%2Fwp%2Fv2%2Fproduct_brand&post=439"},{"taxonomy":"product_cat","embeddable":true,"href":"https:\/\/new.star-gourmet.com\/index.php?rest_route=%2Fwp%2Fv2%2Fproduct_cat&post=439"},{"taxonomy":"product_tag","embeddable":true,"href":"https:\/\/new.star-gourmet.com\/index.php?rest_route=%2Fwp%2Fv2%2Fproduct_tag&post=439"}],"curies":[{"name":"wp","href":"https:\/\/api.w.org\/{rel}","templated":true}]}}