{"id":438,"date":"2026-03-26T13:03:38","date_gmt":"2026-03-26T12:03:38","guid":{"rendered":"https:\/\/new.star-gourmet.com\/?post_type=product&#038;p=438"},"modified":"2026-03-26T13:03:40","modified_gmt":"2026-03-26T12:03:40","slug":"burrata-iqf-perlas-de-50-g","status":"publish","type":"product","link":"https:\/\/new.star-gourmet.com\/?product=burrata-iqf-perlas-de-50-g","title":{"rendered":"BURRATA IQF PERLAS DE 50 g"},"content":{"rendered":"<p>La perla de Burrata es una versi\u00f3n m\u00e1s peque\u00f1a y delicada de la burrata tradicional, con un peso de 50 gramos. Estas burratas m\u00e1s peque\u00f1as son ideales para presentaciones individuales, ensaladas o para servir como aperitivo.<\/p>\n<p>Esta burrata proviene de la regi\u00f3n de Molise en Italia, una zona conocida por sus productos l\u00e1cteos y quesos de alta calidad.<\/p>\n<p>La burrata es un queso muy apreciado en la gastronom\u00eda italiana y se ha vuelto popular en todo el mundo por su sabor suave y cremoso. Se puede disfrutar sola, acompa\u00f1ada de pan fresco, en ensaladas, con tomates y albahaca (como en la caprese), o con ingredientes ahumados y curados para resaltar sus caracter\u00edsticas \u00fanicas.<\/p>\n","protected":false},"excerpt":{"rendered":"<p>8 bolsas de 1 kg por caja con 20 perlas de 50 g por bolsa.<\/p>\n","protected":false},"featured_media":0,"comment_status":"open","ping_status":"closed","template":"","meta":[],"product_brand":[],"product_cat":[56,51],"product_tag":[],"class_list":{"0":"post-438","1":"product","2":"type-product","3":"status-publish","5":"product_cat-burrata","6":"product_cat-quesos","8":"first","9":"instock","10":"shipping-taxable","11":"product-type-simple"},"_links":{"self":[{"href":"https:\/\/new.star-gourmet.com\/index.php?rest_route=\/wp\/v2\/product\/438","targetHints":{"allow":["GET"]}}],"collection":[{"href":"https:\/\/new.star-gourmet.com\/index.php?rest_route=\/wp\/v2\/product"}],"about":[{"href":"https:\/\/new.star-gourmet.com\/index.php?rest_route=\/wp\/v2\/types\/product"}],"replies":[{"embeddable":true,"href":"https:\/\/new.star-gourmet.com\/index.php?rest_route=%2Fwp%2Fv2%2Fcomments&post=438"}],"wp:attachment":[{"href":"https:\/\/new.star-gourmet.com\/index.php?rest_route=%2Fwp%2Fv2%2Fmedia&parent=438"}],"wp:term":[{"taxonomy":"product_brand","embeddable":true,"href":"https:\/\/new.star-gourmet.com\/index.php?rest_route=%2Fwp%2Fv2%2Fproduct_brand&post=438"},{"taxonomy":"product_cat","embeddable":true,"href":"https:\/\/new.star-gourmet.com\/index.php?rest_route=%2Fwp%2Fv2%2Fproduct_cat&post=438"},{"taxonomy":"product_tag","embeddable":true,"href":"https:\/\/new.star-gourmet.com\/index.php?rest_route=%2Fwp%2Fv2%2Fproduct_tag&post=438"}],"curies":[{"name":"wp","href":"https:\/\/api.w.org\/{rel}","templated":true}]}}