{"id":437,"date":"2026-03-26T13:03:38","date_gmt":"2026-03-26T12:03:38","guid":{"rendered":"https:\/\/new.star-gourmet.com\/?post_type=product&#038;p=437"},"modified":"2026-03-26T13:03:40","modified_gmt":"2026-03-26T12:03:40","slug":"burrata-125-g-iqf-bandeja","status":"publish","type":"product","link":"https:\/\/new.star-gourmet.com\/?product=burrata-125-g-iqf-bandeja","title":{"rendered":"BURRATA 125 g  IQF BANDEJA"},"content":{"rendered":"<p>20 unidades por bandeja de Burrata de 125 g. Esta burrata presenta una generosa porci\u00f3n de suave y cremosa mozzarella fresca en su interior, que se fusiona a la perfecci\u00f3n con la suave envoltura de hojas, creando una sorprendente combinaci\u00f3n de sabores y texturas. Puede ser disfrutada sola como un exquisito aperitivo, acompa\u00f1ada de pan fresco o simplemente con un toque de aceite de oliva y pimienta. Tambi\u00e9n se puede incorporar en diversas preparaciones culinarias, como ensaladas frescas y sofisticadas, platos de pasta gourmet, pizzas de autor o incluso como guarnici\u00f3n para realzar carnes y pescados.<\/p>\n","protected":false},"excerpt":{"rendered":"<p>1 x 2,5 kg<\/p>\n","protected":false},"featured_media":0,"comment_status":"open","ping_status":"closed","template":"","meta":[],"product_brand":[],"product_cat":[56,51],"product_tag":[],"class_list":{"0":"post-437","1":"product","2":"type-product","3":"status-publish","5":"product_cat-burrata","6":"product_cat-quesos","8":"first","9":"instock","10":"shipping-taxable","11":"product-type-simple"},"_links":{"self":[{"href":"https:\/\/new.star-gourmet.com\/index.php?rest_route=\/wp\/v2\/product\/437","targetHints":{"allow":["GET"]}}],"collection":[{"href":"https:\/\/new.star-gourmet.com\/index.php?rest_route=\/wp\/v2\/product"}],"about":[{"href":"https:\/\/new.star-gourmet.com\/index.php?rest_route=\/wp\/v2\/types\/product"}],"replies":[{"embeddable":true,"href":"https:\/\/new.star-gourmet.com\/index.php?rest_route=%2Fwp%2Fv2%2Fcomments&post=437"}],"wp:attachment":[{"href":"https:\/\/new.star-gourmet.com\/index.php?rest_route=%2Fwp%2Fv2%2Fmedia&parent=437"}],"wp:term":[{"taxonomy":"product_brand","embeddable":true,"href":"https:\/\/new.star-gourmet.com\/index.php?rest_route=%2Fwp%2Fv2%2Fproduct_brand&post=437"},{"taxonomy":"product_cat","embeddable":true,"href":"https:\/\/new.star-gourmet.com\/index.php?rest_route=%2Fwp%2Fv2%2Fproduct_cat&post=437"},{"taxonomy":"product_tag","embeddable":true,"href":"https:\/\/new.star-gourmet.com\/index.php?rest_route=%2Fwp%2Fv2%2Fproduct_tag&post=437"}],"curies":[{"name":"wp","href":"https:\/\/api.w.org\/{rel}","templated":true}]}}