{"id":435,"date":"2026-03-26T13:03:38","date_gmt":"2026-03-26T12:03:38","guid":{"rendered":"https:\/\/new.star-gourmet.com\/?post_type=product&#038;p=435"},"modified":"2026-03-26T13:03:39","modified_gmt":"2026-03-26T12:03:39","slug":"burrata-perlas-50-g-iqf-con-trufa","status":"publish","type":"product","link":"https:\/\/new.star-gourmet.com\/?product=burrata-perlas-50-g-iqf-con-trufa","title":{"rendered":"BURRATA PERLAS 50 g IQF CON TRUFA"},"content":{"rendered":"<p>Burrata perla 50 g IQF con trufa. estas perlas m\u00e1s peque\u00f1as de lo normal son ideales para presentaciones individuales, ensaladas o para servir como aperitivo. La presentaci\u00f3n IQF (Individually Quick Frozen) garantiza la frescura y la practicidad, ya que cada porci\u00f3n individual se encuentra congelada y lista para ser utilizada en cualquier momento. Esta versatilidad permite incorporar las perlas de burrata con trufa en una variedad de platos, como aperitivos gourmet, ensaladas refinadas o para complementar platos principales con un toque de sofisticaci\u00f3n trufada.<\/p>\n<p>Esta burrata ofrece una textura suave y cremosa que se funde en la boca, y un exquisito toque de sabor de la trufa que a\u00f1ade una dimensi\u00f3n elegante y exclusiva a cada bocado.<\/p>\n","protected":false},"excerpt":{"rendered":"<p>8 bolsas de 1 kg por caja con 20 perlas de 50 g cada una por bolsa.<\/p>\n","protected":false},"featured_media":0,"comment_status":"open","ping_status":"closed","template":"","meta":[],"product_brand":[],"product_cat":[56,51],"product_tag":[],"class_list":{"0":"post-435","1":"product","2":"type-product","3":"status-publish","5":"product_cat-burrata","6":"product_cat-quesos","8":"first","9":"instock","10":"shipping-taxable","11":"product-type-simple"},"_links":{"self":[{"href":"https:\/\/new.star-gourmet.com\/index.php?rest_route=\/wp\/v2\/product\/435","targetHints":{"allow":["GET"]}}],"collection":[{"href":"https:\/\/new.star-gourmet.com\/index.php?rest_route=\/wp\/v2\/product"}],"about":[{"href":"https:\/\/new.star-gourmet.com\/index.php?rest_route=\/wp\/v2\/types\/product"}],"replies":[{"embeddable":true,"href":"https:\/\/new.star-gourmet.com\/index.php?rest_route=%2Fwp%2Fv2%2Fcomments&post=435"}],"wp:attachment":[{"href":"https:\/\/new.star-gourmet.com\/index.php?rest_route=%2Fwp%2Fv2%2Fmedia&parent=435"}],"wp:term":[{"taxonomy":"product_brand","embeddable":true,"href":"https:\/\/new.star-gourmet.com\/index.php?rest_route=%2Fwp%2Fv2%2Fproduct_brand&post=435"},{"taxonomy":"product_cat","embeddable":true,"href":"https:\/\/new.star-gourmet.com\/index.php?rest_route=%2Fwp%2Fv2%2Fproduct_cat&post=435"},{"taxonomy":"product_tag","embeddable":true,"href":"https:\/\/new.star-gourmet.com\/index.php?rest_route=%2Fwp%2Fv2%2Fproduct_tag&post=435"}],"curies":[{"name":"wp","href":"https:\/\/api.w.org\/{rel}","templated":true}]}}