{"id":433,"date":"2026-03-26T13:03:38","date_gmt":"2026-03-26T12:03:38","guid":{"rendered":"https:\/\/new.star-gourmet.com\/?post_type=product&#038;p=433"},"modified":"2026-03-26T13:03:39","modified_gmt":"2026-03-26T12:03:39","slug":"burrata-ahumada-iqf-2-unidades","status":"publish","type":"product","link":"https:\/\/new.star-gourmet.com\/?product=burrata-ahumada-iqf-2-unidades","title":{"rendered":"BURRATA AHUMADA IQF 2 unidades"},"content":{"rendered":"<p>La \"Burrata ahumada\" es una variante deliciosa y cautivadora de la burrata tradicional. Se trata de una burrata que ha sido sometida a un proceso de ahumado, lo que le agrega un toque distintivo y sabroso a este apreciado queso italiano. Conserva su caracter\u00edstica textura cremosa y suave, pero adquiere un sutil y delicioso sabor ahumado que complementa a la perfecci\u00f3n la suavidad l\u00e1ctea de la mozzarella y la crema de leche.<\/p>\n<p>Este queso es una opci\u00f3n vers\u00e1til para incorporar en diversas creaciones culinarias, ya que su sabor ahumado puede realzar una variedad de platos. Se puede disfrutar sola, acompa\u00f1ada de pan fresco y aceite de oliva, o utilizarla para a\u00f1adir un toque especial a ensaladas, pastas, pizzas gourmet o bruschettas.<\/p>\n","protected":false},"excerpt":{"rendered":"<p>10 bandejas de 200 g por caja con 2 unidades de 100 g cada una por bandeja.<\/p>\n","protected":false},"featured_media":0,"comment_status":"open","ping_status":"closed","template":"","meta":[],"product_brand":[],"product_cat":[56,51],"product_tag":[],"class_list":{"0":"post-433","1":"product","2":"type-product","3":"status-publish","5":"product_cat-burrata","6":"product_cat-quesos","8":"first","9":"instock","10":"shipping-taxable","11":"product-type-simple"},"_links":{"self":[{"href":"https:\/\/new.star-gourmet.com\/index.php?rest_route=\/wp\/v2\/product\/433","targetHints":{"allow":["GET"]}}],"collection":[{"href":"https:\/\/new.star-gourmet.com\/index.php?rest_route=\/wp\/v2\/product"}],"about":[{"href":"https:\/\/new.star-gourmet.com\/index.php?rest_route=\/wp\/v2\/types\/product"}],"replies":[{"embeddable":true,"href":"https:\/\/new.star-gourmet.com\/index.php?rest_route=%2Fwp%2Fv2%2Fcomments&post=433"}],"wp:attachment":[{"href":"https:\/\/new.star-gourmet.com\/index.php?rest_route=%2Fwp%2Fv2%2Fmedia&parent=433"}],"wp:term":[{"taxonomy":"product_brand","embeddable":true,"href":"https:\/\/new.star-gourmet.com\/index.php?rest_route=%2Fwp%2Fv2%2Fproduct_brand&post=433"},{"taxonomy":"product_cat","embeddable":true,"href":"https:\/\/new.star-gourmet.com\/index.php?rest_route=%2Fwp%2Fv2%2Fproduct_cat&post=433"},{"taxonomy":"product_tag","embeddable":true,"href":"https:\/\/new.star-gourmet.com\/index.php?rest_route=%2Fwp%2Fv2%2Fproduct_tag&post=433"}],"curies":[{"name":"wp","href":"https:\/\/api.w.org\/{rel}","templated":true}]}}