{"id":432,"date":"2026-03-26T13:03:38","date_gmt":"2026-03-26T12:03:38","guid":{"rendered":"https:\/\/new.star-gourmet.com\/?post_type=product&#038;p=432"},"modified":"2026-03-26T13:03:39","modified_gmt":"2026-03-26T12:03:39","slug":"burrata-iqf","status":"publish","type":"product","link":"https:\/\/new.star-gourmet.com\/?product=burrata-iqf","title":{"rendered":"BURRATA IQF"},"content":{"rendered":"<p>La Burrata IQF es una opci\u00f3n excepcional, que combina la deliciosa burrata italiana con la conveniencia y practicidad del formato IQF (Individually Quick Frozen) y la posibilidad de descongelar r\u00e1pidamente en el microondas. Cada burrata se presenta congelada individualmente, lo que garantiza su frescura.<\/p>\n<p>La Burrata IQF destaca por su suavidad y cremosidad inigualables, con una capa externa de mozzarella que envuelve un relleno de tiras de mozzarella deshilachada y crema de leche. Podr\u00e1s descongelarla f\u00e1cilmente para obtener una textura fluida y untuosa que realzar\u00e1 platos de pasta, ensaladas, pizzas y otras creaciones culinarias.<\/p>\n<p>La comodidad de la burrata IQF permite descongelarse en microondas r\u00e1pidamente sin comprometer la calidad y el sabor.<\/p>\n<div id=\"simple-translate\" class=\"simple-translate-system-theme\">\n<div>\n<div class=\"simple-translate-button isShow\" style=\"background-image: url('chrome-extension:\/\/ibplnjkanclpjokhdolnendpplpjiace\/icons\/512.png'); height: 22px; width: 22px; top: 49px; left: 1px;\"><\/div>\n<div class=\"simple-translate-panel \" style=\"width: 300px; height: 200px; top: 0px; left: 0px; font-size: 13px;\">\n<div class=\"simple-translate-result-wrapper\" style=\"overflow: hidden;\">\n<div class=\"simple-translate-move\" draggable=\"true\"><\/div>\n<div class=\"simple-translate-result-contents\">\n<p class=\"simple-translate-candidate\" dir=\"auto\">\n<\/div>\n<\/div>\n<\/div>\n<\/div>\n<\/div>\n","protected":false},"excerpt":{"rendered":"<p>12 bandejas de 250 g por caja con 2 unidades de 125 g cada una por bandeja.<\/p>\n","protected":false},"featured_media":0,"comment_status":"open","ping_status":"closed","template":"","meta":[],"product_brand":[],"product_cat":[56,51],"product_tag":[],"class_list":{"0":"post-432","1":"product","2":"type-product","3":"status-publish","5":"product_cat-burrata","6":"product_cat-quesos","8":"first","9":"instock","10":"featured","11":"shipping-taxable","12":"product-type-simple"},"_links":{"self":[{"href":"https:\/\/new.star-gourmet.com\/index.php?rest_route=\/wp\/v2\/product\/432","targetHints":{"allow":["GET"]}}],"collection":[{"href":"https:\/\/new.star-gourmet.com\/index.php?rest_route=\/wp\/v2\/product"}],"about":[{"href":"https:\/\/new.star-gourmet.com\/index.php?rest_route=\/wp\/v2\/types\/product"}],"replies":[{"embeddable":true,"href":"https:\/\/new.star-gourmet.com\/index.php?rest_route=%2Fwp%2Fv2%2Fcomments&post=432"}],"wp:attachment":[{"href":"https:\/\/new.star-gourmet.com\/index.php?rest_route=%2Fwp%2Fv2%2Fmedia&parent=432"}],"wp:term":[{"taxonomy":"product_brand","embeddable":true,"href":"https:\/\/new.star-gourmet.com\/index.php?rest_route=%2Fwp%2Fv2%2Fproduct_brand&post=432"},{"taxonomy":"product_cat","embeddable":true,"href":"https:\/\/new.star-gourmet.com\/index.php?rest_route=%2Fwp%2Fv2%2Fproduct_cat&post=432"},{"taxonomy":"product_tag","embeddable":true,"href":"https:\/\/new.star-gourmet.com\/index.php?rest_route=%2Fwp%2Fv2%2Fproduct_tag&post=432"}],"curies":[{"name":"wp","href":"https:\/\/api.w.org\/{rel}","templated":true}]}}