{"id":431,"date":"2026-03-26T13:03:38","date_gmt":"2026-03-26T12:03:38","guid":{"rendered":"https:\/\/new.star-gourmet.com\/?post_type=product&#038;p=431"},"modified":"2026-03-26T13:03:39","modified_gmt":"2026-03-26T12:03:39","slug":"mozzarella-bufala-125-g","status":"publish","type":"product","link":"https:\/\/new.star-gourmet.com\/?product=mozzarella-bufala-125-g","title":{"rendered":"MOZZARELLA BUFALA 125 g"},"content":{"rendered":"<p>Elaborada con la mejor leche de b\u00fafala, esta mozzarella tiene una textura cremosa y delicada, y un sabor distintivo que la diferencia de otras variedades de queso. Su origen artesanal y tradicional garantiza una experiencia culinaria aut\u00e9ntica y \u00fanica.<\/p>\n<p>La Mozzarella de B\u00fafala 125 g es vers\u00e1til y puede ser disfrutada de diversas formas. Puede ser el ingrediente protagonista de una cl\u00e1sica ensalada caprese, acompa\u00f1ada de tomates frescos y albahaca, o como una opci\u00f3n de aperitivo delicioso y sencillo.<\/p>\n<div id=\"simple-translate\" class=\"simple-translate-system-theme\">\n<div>\n<div class=\"simple-translate-button isShow\" style=\"background-image: url('chrome-extension:\/\/ibplnjkanclpjokhdolnendpplpjiace\/icons\/512.png'); height: 22px; width: 22px; top: 134px; left: 486px;\"><\/div>\n<div class=\"simple-translate-panel \" style=\"width: 300px; height: 200px; top: 0px; left: 0px; font-size: 13px;\">\n<div class=\"simple-translate-result-wrapper\" style=\"overflow: hidden;\">\n<div class=\"simple-translate-move\" draggable=\"true\"><\/div>\n<div class=\"simple-translate-result-contents\">\n<p class=\"simple-translate-result\" dir=\"auto\">\n<p class=\"simple-translate-candidate\" dir=\"auto\">\n<\/div>\n<\/div>\n<\/div>\n<\/div>\n<\/div>\n","protected":false},"excerpt":{"rendered":"<p>12 tarrinas de 125 g por caja.<\/p>\n","protected":false},"featured_media":0,"comment_status":"open","ping_status":"closed","template":"","meta":[],"product_brand":[],"product_cat":[55,51],"product_tag":[],"class_list":{"0":"post-431","1":"product","2":"type-product","3":"status-publish","5":"product_cat-mozzarella","6":"product_cat-quesos","8":"first","9":"instock","10":"shipping-taxable","11":"product-type-simple"},"_links":{"self":[{"href":"https:\/\/new.star-gourmet.com\/index.php?rest_route=\/wp\/v2\/product\/431","targetHints":{"allow":["GET"]}}],"collection":[{"href":"https:\/\/new.star-gourmet.com\/index.php?rest_route=\/wp\/v2\/product"}],"about":[{"href":"https:\/\/new.star-gourmet.com\/index.php?rest_route=\/wp\/v2\/types\/product"}],"replies":[{"embeddable":true,"href":"https:\/\/new.star-gourmet.com\/index.php?rest_route=%2Fwp%2Fv2%2Fcomments&post=431"}],"wp:attachment":[{"href":"https:\/\/new.star-gourmet.com\/index.php?rest_route=%2Fwp%2Fv2%2Fmedia&parent=431"}],"wp:term":[{"taxonomy":"product_brand","embeddable":true,"href":"https:\/\/new.star-gourmet.com\/index.php?rest_route=%2Fwp%2Fv2%2Fproduct_brand&post=431"},{"taxonomy":"product_cat","embeddable":true,"href":"https:\/\/new.star-gourmet.com\/index.php?rest_route=%2Fwp%2Fv2%2Fproduct_cat&post=431"},{"taxonomy":"product_tag","embeddable":true,"href":"https:\/\/new.star-gourmet.com\/index.php?rest_route=%2Fwp%2Fv2%2Fproduct_tag&post=431"}],"curies":[{"name":"wp","href":"https:\/\/api.w.org\/{rel}","templated":true}]}}