{"id":430,"date":"2026-03-26T13:03:38","date_gmt":"2026-03-26T12:03:38","guid":{"rendered":"https:\/\/new.star-gourmet.com\/?post_type=product&#038;p=430"},"modified":"2026-03-26T13:03:39","modified_gmt":"2026-03-26T12:03:39","slug":"perlas-mozzarella-bufala-iqf-5-g","status":"publish","type":"product","link":"https:\/\/new.star-gourmet.com\/?product=perlas-mozzarella-bufala-iqf-5-g","title":{"rendered":"PERLAS MOZZARELLA B\u00daFALA IQF 5 g"},"content":{"rendered":"<p>Estas peque\u00f1as perlas de mozzarella de b\u00fafala, de 5 gramos cada una, se presentan congeladas individualmente (IQF - Individually Quick Frozen), lo que garantiza su frescura y comodidad de uso.<\/p>\n<p>Cada perla de mozzarella de b\u00fafala est\u00e1 elaborada con la mejor leche de b\u00fafala, lo que le proporciona una textura suave y cremosa, as\u00ed como un sabor delicado y distintivo. Estas perlas son ideales para aquellos que buscan la experiencia aut\u00e9ntica de la mozzarella de b\u00fafala en una presentaci\u00f3n elegante y f\u00e1cil de utilizar.<\/p>\n<p>Su peque\u00f1o tama\u00f1o y presentaci\u00f3n IQF permiten incorporarlas de manera creativa en una variedad de platos. Pueden ser utilizadas como un exquisito aperitivo, acompa\u00f1adas de tomates cherry y albahaca fresca, o para enriquecer ensaladas, pasta, arroces y otros platos.<\/p>\n<div id=\"simple-translate\" class=\"simple-translate-system-theme\">\n<div>\n<div class=\"simple-translate-button isShow\" style=\"background-image: url('chrome-extension:\/\/ibplnjkanclpjokhdolnendpplpjiace\/icons\/512.png'); height: 22px; width: 22px; top: 174px; left: 492px;\"><\/div>\n<div class=\"simple-translate-panel \" style=\"width: 300px; height: 200px; top: 0px; left: 0px; font-size: 13px;\">\n<div class=\"simple-translate-result-wrapper\" style=\"overflow: hidden;\">\n<div class=\"simple-translate-move\" draggable=\"true\"><\/div>\n<div class=\"simple-translate-result-contents\">\n<p class=\"simple-translate-candidate\" dir=\"auto\">\n<\/div>\n<\/div>\n<\/div>\n<\/div>\n<\/div>\n","protected":false},"excerpt":{"rendered":"<p>14 bolsas de 1 kg por caja.<\/p>\n","protected":false},"featured_media":0,"comment_status":"open","ping_status":"closed","template":"","meta":[],"product_brand":[],"product_cat":[55,51],"product_tag":[],"class_list":{"0":"post-430","1":"product","2":"type-product","3":"status-publish","5":"product_cat-mozzarella","6":"product_cat-quesos","8":"first","9":"instock","10":"shipping-taxable","11":"product-type-simple"},"_links":{"self":[{"href":"https:\/\/new.star-gourmet.com\/index.php?rest_route=\/wp\/v2\/product\/430","targetHints":{"allow":["GET"]}}],"collection":[{"href":"https:\/\/new.star-gourmet.com\/index.php?rest_route=\/wp\/v2\/product"}],"about":[{"href":"https:\/\/new.star-gourmet.com\/index.php?rest_route=\/wp\/v2\/types\/product"}],"replies":[{"embeddable":true,"href":"https:\/\/new.star-gourmet.com\/index.php?rest_route=%2Fwp%2Fv2%2Fcomments&post=430"}],"wp:attachment":[{"href":"https:\/\/new.star-gourmet.com\/index.php?rest_route=%2Fwp%2Fv2%2Fmedia&parent=430"}],"wp:term":[{"taxonomy":"product_brand","embeddable":true,"href":"https:\/\/new.star-gourmet.com\/index.php?rest_route=%2Fwp%2Fv2%2Fproduct_brand&post=430"},{"taxonomy":"product_cat","embeddable":true,"href":"https:\/\/new.star-gourmet.com\/index.php?rest_route=%2Fwp%2Fv2%2Fproduct_cat&post=430"},{"taxonomy":"product_tag","embeddable":true,"href":"https:\/\/new.star-gourmet.com\/index.php?rest_route=%2Fwp%2Fv2%2Fproduct_tag&post=430"}],"curies":[{"name":"wp","href":"https:\/\/api.w.org\/{rel}","templated":true}]}}