{"id":426,"date":"2026-03-26T13:03:37","date_gmt":"2026-03-26T12:03:37","guid":{"rendered":"https:\/\/new.star-gourmet.com\/?post_type=product&#038;p=426"},"modified":"2026-03-26T13:03:39","modified_gmt":"2026-03-26T12:03:39","slug":"queso-spinoro-cuna-10-meses","status":"publish","type":"product","link":"https:\/\/new.star-gourmet.com\/?product=queso-spinoro-cuna-10-meses","title":{"rendered":"QUESO SPINORO Cu\u00f1a 10 meses"},"content":{"rendered":"<p>Cu\u00f1a de 1 kg\u00a0 de Spinoro 10 meses.<\/p>\n<p>Este queso de pasta dura que ha alcanzado un grado \u00f3ptimo de sabor y textura despu\u00e9s de un proceso de maduraci\u00f3n de 10 meses, ha permitido que desarrolle sabores m\u00e1s complejos y aromas intensos.<\/p>\n<p>El Spinoro es conocido por su sabor equilibrado y caracter\u00edstico, que puede variar desde notas suaves y cremosas hasta sabores m\u00e1s intensos y ligeramente picantes, dependiendo de su grado de madurez.<\/p>\n<p>La textura firme y granulada del Spinoro lo hace ideal para rallar y desmenuzar sobre platos de pasta, ensaladas, risottos o incluso para ser utilizado como un acompa\u00f1amiento en tablas de quesos.<\/p>\n","protected":false},"excerpt":{"rendered":"<p>16 cu\u00f1as de 1 kg por caja.<\/p>\n","protected":false},"featured_media":0,"comment_status":"open","ping_status":"closed","template":"","meta":[],"product_brand":[],"product_cat":[54,51],"product_tag":[],"class_list":{"0":"post-426","1":"product","2":"type-product","3":"status-publish","5":"product_cat-de-pasta-dura","6":"product_cat-quesos","8":"first","9":"instock","10":"shipping-taxable","11":"product-type-simple"},"_links":{"self":[{"href":"https:\/\/new.star-gourmet.com\/index.php?rest_route=\/wp\/v2\/product\/426","targetHints":{"allow":["GET"]}}],"collection":[{"href":"https:\/\/new.star-gourmet.com\/index.php?rest_route=\/wp\/v2\/product"}],"about":[{"href":"https:\/\/new.star-gourmet.com\/index.php?rest_route=\/wp\/v2\/types\/product"}],"replies":[{"embeddable":true,"href":"https:\/\/new.star-gourmet.com\/index.php?rest_route=%2Fwp%2Fv2%2Fcomments&post=426"}],"wp:attachment":[{"href":"https:\/\/new.star-gourmet.com\/index.php?rest_route=%2Fwp%2Fv2%2Fmedia&parent=426"}],"wp:term":[{"taxonomy":"product_brand","embeddable":true,"href":"https:\/\/new.star-gourmet.com\/index.php?rest_route=%2Fwp%2Fv2%2Fproduct_brand&post=426"},{"taxonomy":"product_cat","embeddable":true,"href":"https:\/\/new.star-gourmet.com\/index.php?rest_route=%2Fwp%2Fv2%2Fproduct_cat&post=426"},{"taxonomy":"product_tag","embeddable":true,"href":"https:\/\/new.star-gourmet.com\/index.php?rest_route=%2Fwp%2Fv2%2Fproduct_tag&post=426"}],"curies":[{"name":"wp","href":"https:\/\/api.w.org\/{rel}","templated":true}]}}