{"id":425,"date":"2026-03-26T13:03:37","date_gmt":"2026-03-26T12:03:37","guid":{"rendered":"https:\/\/new.star-gourmet.com\/?post_type=product&#038;p=425"},"modified":"2026-03-26T13:03:38","modified_gmt":"2026-03-26T12:03:38","slug":"cuna-grana-padano-dop-2","status":"publish","type":"product","link":"https:\/\/new.star-gourmet.com\/?product=cuna-grana-padano-dop-2","title":{"rendered":"CU\u00d1A GRANA PADANO DOP"},"content":{"rendered":"<p>Cu\u00f1a de 1 kg con 9 meses de maduraci\u00f3n. Corte artesanal.<\/p>\n<p>El Grana Padano es un queso italiano de renombre, conocido por su sabor \u00fanico y su textura granulada y quebradiza. Producido en Italia y con Denominaci\u00f3n de Origen Protegida este queso, ha sido madurado durante 12 meses, lo que le ha permitido desarrollar una complejidad de sabores y aromas profundos y ricos. Su sabor es rico, con notas l\u00e1cticas y vegetales.<\/p>\n<p>Cada corte ha sido realizado de manera artesanal, lo que garantiza la autenticidad y la calidad en cada cu\u00f1a. La textura granulada y quebradiza del Grana Padano hace que sea perfecto para rallar o desmenuzar sobre platos de pasta, ensaladas o incluso para acompa\u00f1ar tablas de quesos.<\/p>\n<p>El Grana Padano es un queso vers\u00e1til que se puede utilizar en una variedad de preparaciones culinarias, desde platos principales hasta aperitivos y postres.<\/p>\n<div id=\"simple-translate\" class=\"simple-translate-system-theme\">\n<div>\n<div class=\"simple-translate-button isShow\" style=\"background-image: url('chrome-extension:\/\/ibplnjkanclpjokhdolnendpplpjiace\/icons\/512.png'); height: 22px; width: 22px; top: 259px; left: 50px;\"><\/div>\n<div class=\"simple-translate-panel \" style=\"width: 300px; height: 200px; top: 0px; left: 0px; font-size: 13px;\">\n<div class=\"simple-translate-result-wrapper\" style=\"overflow: hidden;\">\n<div class=\"simple-translate-move\" draggable=\"true\"><\/div>\n<div class=\"simple-translate-result-contents\">\n<p class=\"simple-translate-candidate\" dir=\"auto\">\n<\/div>\n<\/div>\n<\/div>\n<\/div>\n<\/div>\n","protected":false},"excerpt":{"rendered":"<p>12 cu\u00f1as de 1 kg por caja.<\/p>\n","protected":false},"featured_media":0,"comment_status":"open","ping_status":"closed","template":"","meta":[],"product_brand":[],"product_cat":[53,51],"product_tag":[],"class_list":{"0":"post-425","1":"product","2":"type-product","3":"status-publish","5":"product_cat-grana-padano","6":"product_cat-quesos","8":"first","9":"instock","10":"shipping-taxable","11":"product-type-simple"},"_links":{"self":[{"href":"https:\/\/new.star-gourmet.com\/index.php?rest_route=\/wp\/v2\/product\/425","targetHints":{"allow":["GET"]}}],"collection":[{"href":"https:\/\/new.star-gourmet.com\/index.php?rest_route=\/wp\/v2\/product"}],"about":[{"href":"https:\/\/new.star-gourmet.com\/index.php?rest_route=\/wp\/v2\/types\/product"}],"replies":[{"embeddable":true,"href":"https:\/\/new.star-gourmet.com\/index.php?rest_route=%2Fwp%2Fv2%2Fcomments&post=425"}],"wp:attachment":[{"href":"https:\/\/new.star-gourmet.com\/index.php?rest_route=%2Fwp%2Fv2%2Fmedia&parent=425"}],"wp:term":[{"taxonomy":"product_brand","embeddable":true,"href":"https:\/\/new.star-gourmet.com\/index.php?rest_route=%2Fwp%2Fv2%2Fproduct_brand&post=425"},{"taxonomy":"product_cat","embeddable":true,"href":"https:\/\/new.star-gourmet.com\/index.php?rest_route=%2Fwp%2Fv2%2Fproduct_cat&post=425"},{"taxonomy":"product_tag","embeddable":true,"href":"https:\/\/new.star-gourmet.com\/index.php?rest_route=%2Fwp%2Fv2%2Fproduct_tag&post=425"}],"curies":[{"name":"wp","href":"https:\/\/api.w.org\/{rel}","templated":true}]}}