{"id":422,"date":"2026-03-26T13:03:37","date_gmt":"2026-03-26T12:03:37","guid":{"rendered":"https:\/\/new.star-gourmet.com\/?post_type=product&#038;p=422"},"modified":"2026-03-26T13:03:54","modified_gmt":"2026-03-26T12:03:54","slug":"cuna-parmigiano-reggiano-1-kg-24-meses","status":"publish","type":"product","link":"https:\/\/new.star-gourmet.com\/?product=cuna-parmigiano-reggiano-1-kg-24-meses","title":{"rendered":"CU\u00d1A Parmigiano Reggiano 1 kg 24 meses"},"content":{"rendered":"<p>Conocido como el \"Rey de los quesos\", es uno de los m\u00e1s apreciados y reconocidos en el mundo de la gastronom\u00eda.<\/p>\n<p>El Parmigiano Reggiano es elaborado con la mejor leche de vacas criadas en la regi\u00f3n de Reggio Emilia en Italia, lo que le otorga su sabor distintivo y su textura granulada. Con una maduraci\u00f3n de 24 meses, este queso ha alcanzado su punto \u00f3ptimo de sabor y calidad, desarrollando sabores intensos y complejos que incluyen notas afrutadas y agrias.<\/p>\n<p>El envasado al vac\u00edo asegura la frescura y conservaci\u00f3n del queso, lo que permite mantener su autenticidad y calidad hasta el momento de su consumo.<\/p>\n<p>El Parmigiano Reggiano es una opci\u00f3n vers\u00e1til y deliciosa para incorporar en el men\u00fa. Ideal para servir solo como un exquisito aperitivo, acompa\u00f1ado de vinos y frutas secas, o para realzar una variedad de platos, como pastas, risottos, ensaladas y otros platos culinarios que busquen resaltar el sabor y calidad del queso. Es un queso apreciado por su versatilidad y capacidad para realzar cualquier plato con su sabor inigualable. Su textura granulada y su intenso sabor lo convierten en un elemento imprescindible en la cocina.<\/p>\n<p>Cu\u00f1a de de 1 kg de Parmigiano Reggiano envasada al vac\u00edo. Con una curaci\u00f3n de 24 meses. Corte artesanal.<\/p>\n<p>Nuestro Parmigiano Reggiano D.O.P. cuenta con el Certificado de Bienestar Animal, garantizando que la leche utilizada proviene de vacas criadas en condiciones \u00f3ptimas y respetuosas, asegurando un proceso de producci\u00f3n \u00e9tico y sostenible que destaca la calidad y el compromiso en cada porci\u00f3n de nuestro delicioso queso.<\/p>\n<div id=\"simple-translate\" class=\"simple-translate-system-theme\">\n<div>\n<div class=\"simple-translate-button isShow\" style=\"background-image: url('chrome-extension:\/\/ibplnjkanclpjokhdolnendpplpjiace\/icons\/512.png'); height: 22px; width: 22px; top: 252px; left: 16px;\"><\/div>\n<div class=\"simple-translate-panel \" style=\"width: 300px; height: 200px; top: 0px; left: 0px; font-size: 13px;\">\n<div class=\"simple-translate-result-wrapper\" style=\"overflow: hidden;\">\n<div class=\"simple-translate-move\" draggable=\"true\"><\/div>\n<div class=\"simple-translate-result-contents\">\n<p class=\"simple-translate-result\" dir=\"auto\">\n<p class=\"simple-translate-candidate\" dir=\"auto\">\n<\/div>\n<\/div>\n<\/div>\n<\/div>\n<\/div>\n","protected":false},"excerpt":{"rendered":"<p>16 cu\u00f1as de 1 kg por caja.<\/p>\n<p><strong>Caracter\u00edsticas:<\/strong><br \/>\nSabor: Delicado, sabroso y fragante<br \/>\nAl\u00e9rgenos: Leche<br \/>\nSin conservantes<br \/>\nDOP<br \/>\nSin gluten<br \/>\nSin lactosa<br \/>\nSin lisozima<\/p>\n","protected":false},"featured_media":0,"comment_status":"open","ping_status":"closed","template":"","meta":[],"product_brand":[],"product_cat":[52,51],"product_tag":[],"class_list":{"0":"post-422","1":"product","2":"type-product","3":"status-publish","5":"product_cat-parmesano-reggiano","6":"product_cat-quesos","8":"first","9":"instock","10":"shipping-taxable","11":"product-type-simple"},"_links":{"self":[{"href":"https:\/\/new.star-gourmet.com\/index.php?rest_route=\/wp\/v2\/product\/422","targetHints":{"allow":["GET"]}}],"collection":[{"href":"https:\/\/new.star-gourmet.com\/index.php?rest_route=\/wp\/v2\/product"}],"about":[{"href":"https:\/\/new.star-gourmet.com\/index.php?rest_route=\/wp\/v2\/types\/product"}],"replies":[{"embeddable":true,"href":"https:\/\/new.star-gourmet.com\/index.php?rest_route=%2Fwp%2Fv2%2Fcomments&post=422"}],"wp:attachment":[{"href":"https:\/\/new.star-gourmet.com\/index.php?rest_route=%2Fwp%2Fv2%2Fmedia&parent=422"}],"wp:term":[{"taxonomy":"product_brand","embeddable":true,"href":"https:\/\/new.star-gourmet.com\/index.php?rest_route=%2Fwp%2Fv2%2Fproduct_brand&post=422"},{"taxonomy":"product_cat","embeddable":true,"href":"https:\/\/new.star-gourmet.com\/index.php?rest_route=%2Fwp%2Fv2%2Fproduct_cat&post=422"},{"taxonomy":"product_tag","embeddable":true,"href":"https:\/\/new.star-gourmet.com\/index.php?rest_route=%2Fwp%2Fv2%2Fproduct_tag&post=422"}],"curies":[{"name":"wp","href":"https:\/\/api.w.org\/{rel}","templated":true}]}}