{"id":420,"date":"2026-03-26T13:03:36","date_gmt":"2026-03-26T12:03:36","guid":{"rendered":"https:\/\/new.star-gourmet.com\/?post_type=product&#038;p=420"},"modified":"2026-03-26T13:03:36","modified_gmt":"2026-03-26T12:03:36","slug":"bola-pizza-napolitana","status":"publish","type":"product","link":"https:\/\/new.star-gourmet.com\/?product=bola-pizza-napolitana","title":{"rendered":"BOLA PIZZA NAPOLITANA"},"content":{"rendered":"<p>Bola de pizza que se ha fermentado con masa madre siguiendo la tradici\u00f3n napolitana. La masa madre es una t\u00e9cnica de fermentaci\u00f3n natural que utiliza levaduras y bacterias presentes en el ambiente para levar la masa, en lugar de usar levadura comercial.\u00a0En la tradici\u00f3n napolitana, la masa madre se considera esencial para obtener una aut\u00e9ntica pizza napolitana, ya que aporta un sabor y textura \u00fanicos. La fermentaci\u00f3n con masa madre es un proceso m\u00e1s lento en comparaci\u00f3n con el uso de levadura comercial, lo que permite desarrollar sabores m\u00e1s complejos y una textura ligera y aireada en la masa.<\/p>\n","protected":false},"excerpt":{"rendered":"<p>60 unidades de 230 g por caja.<\/p>\n","protected":false},"featured_media":0,"comment_status":"open","ping_status":"closed","template":"","meta":[],"product_brand":[],"product_cat":[47,33],"product_tag":[],"class_list":{"0":"post-420","1":"product","2":"type-product","3":"status-publish","5":"product_cat-bases-pizza","6":"product_cat-food-service","8":"first","9":"instock","10":"shipping-taxable","11":"product-type-simple"},"_links":{"self":[{"href":"https:\/\/new.star-gourmet.com\/index.php?rest_route=\/wp\/v2\/product\/420","targetHints":{"allow":["GET"]}}],"collection":[{"href":"https:\/\/new.star-gourmet.com\/index.php?rest_route=\/wp\/v2\/product"}],"about":[{"href":"https:\/\/new.star-gourmet.com\/index.php?rest_route=\/wp\/v2\/types\/product"}],"replies":[{"embeddable":true,"href":"https:\/\/new.star-gourmet.com\/index.php?rest_route=%2Fwp%2Fv2%2Fcomments&post=420"}],"wp:attachment":[{"href":"https:\/\/new.star-gourmet.com\/index.php?rest_route=%2Fwp%2Fv2%2Fmedia&parent=420"}],"wp:term":[{"taxonomy":"product_brand","embeddable":true,"href":"https:\/\/new.star-gourmet.com\/index.php?rest_route=%2Fwp%2Fv2%2Fproduct_brand&post=420"},{"taxonomy":"product_cat","embeddable":true,"href":"https:\/\/new.star-gourmet.com\/index.php?rest_route=%2Fwp%2Fv2%2Fproduct_cat&post=420"},{"taxonomy":"product_tag","embeddable":true,"href":"https:\/\/new.star-gourmet.com\/index.php?rest_route=%2Fwp%2Fv2%2Fproduct_tag&post=420"}],"curies":[{"name":"wp","href":"https:\/\/api.w.org\/{rel}","templated":true}]}}