{"id":417,"date":"2026-03-26T13:03:36","date_gmt":"2026-03-26T12:03:36","guid":{"rendered":"https:\/\/new.star-gourmet.com\/?post_type=product&#038;p=417"},"modified":"2026-03-26T13:03:36","modified_gmt":"2026-03-26T12:03:36","slug":"saccotti-de-queso-y-pera","status":"publish","type":"product","link":"https:\/\/new.star-gourmet.com\/?product=saccotti-de-queso-y-pera","title":{"rendered":"SACCOTTI DE QUESO Y PERA"},"content":{"rendered":"<p>Saquitos de pasta rellenos con queso y pera. La combinaci\u00f3n de queso y pera es maravillosa, ya que la cremosidad del queso contrasta con la frescura y dulzura de la pera, creando un equilibrio perfecto de sabores en cada bocado.\u00a0Los \"Saccotti de queso y pera\" son una opci\u00f3n deliciosa para disfrutar de una experiencia gastron\u00f3mica \u00fanica y sabrosa.<\/p>\n<p>Se pueden cocinar de diferentes formas, hervidos, al vapor, o salteados en mantequilla. Una vez cocidos, se sirven calientes, y se pueden acompa\u00f1ar con una salsa suave o simplemente con un poco de mantequilla derretida y espolvoreados con queso Parmesano rallado y hojas de hierbas frescas.<\/p>\n<p>Tiempo de cocci\u00f3n: 5 minutos.<\/p>\n","protected":false},"excerpt":{"rendered":"<p>3 bolsas de 1 kg por caja.<\/p>\n<p>Medidas de cada saquito: 2,5 x 3,1 cm 12 g de peso aprox.<\/p>\n<p>&nbsp;<\/p>\n","protected":false},"featured_media":0,"comment_status":"open","ping_status":"closed","template":"","meta":[],"product_brand":[],"product_cat":[33,40,43],"product_tag":[],"class_list":{"0":"post-417","1":"product","2":"type-product","3":"status-publish","5":"product_cat-food-service","6":"product_cat-pasta-congelada","7":"product_cat-rellena","9":"first","10":"instock","11":"shipping-taxable","12":"product-type-simple"},"_links":{"self":[{"href":"https:\/\/new.star-gourmet.com\/index.php?rest_route=\/wp\/v2\/product\/417","targetHints":{"allow":["GET"]}}],"collection":[{"href":"https:\/\/new.star-gourmet.com\/index.php?rest_route=\/wp\/v2\/product"}],"about":[{"href":"https:\/\/new.star-gourmet.com\/index.php?rest_route=\/wp\/v2\/types\/product"}],"replies":[{"embeddable":true,"href":"https:\/\/new.star-gourmet.com\/index.php?rest_route=%2Fwp%2Fv2%2Fcomments&post=417"}],"wp:attachment":[{"href":"https:\/\/new.star-gourmet.com\/index.php?rest_route=%2Fwp%2Fv2%2Fmedia&parent=417"}],"wp:term":[{"taxonomy":"product_brand","embeddable":true,"href":"https:\/\/new.star-gourmet.com\/index.php?rest_route=%2Fwp%2Fv2%2Fproduct_brand&post=417"},{"taxonomy":"product_cat","embeddable":true,"href":"https:\/\/new.star-gourmet.com\/index.php?rest_route=%2Fwp%2Fv2%2Fproduct_cat&post=417"},{"taxonomy":"product_tag","embeddable":true,"href":"https:\/\/new.star-gourmet.com\/index.php?rest_route=%2Fwp%2Fv2%2Fproduct_tag&post=417"}],"curies":[{"name":"wp","href":"https:\/\/api.w.org\/{rel}","templated":true}]}}