{"id":413,"date":"2026-03-26T13:03:33","date_gmt":"2026-03-26T12:03:33","guid":{"rendered":"https:\/\/new.star-gourmet.com\/?post_type=product&#038;p=413"},"modified":"2026-03-26T13:03:35","modified_gmt":"2026-03-26T12:03:35","slug":"crema-de-vinagre-balzebu","status":"publish","type":"product","link":"https:\/\/new.star-gourmet.com\/?product=crema-de-vinagre-balzebu","title":{"rendered":"CREMA DE VINAGRE BALZEB\u00da"},"content":{"rendered":"<p>Crema de vinagre bals\u00e1mico.<\/p>\n<p>Glaseado agridulce que combina el uso moderno como topping con la tradici\u00f3n del Vinagre Bals\u00e1mico de M\u00f3dena.<\/p>\n<p><em>Cuando el sabor se convierte en arte.<\/em><\/p>\n<p>Balzeb\u00f9 es la l\u00ednea de vinagres bals\u00e1micos y aderezos de NeroModena para restaurantes de alta cocina y boutiques gourmet.\u00a0Balzeb\u00f9 es el Vinagre Bals\u00e1mico de M\u00f3dena PGI para aquellos que ven la cocina como una forma contempor\u00e1nea de arte. Balzeb\u00f9 es el ingrediente m\u00e1gico para convertir un plato en una obra de arte.<\/p>\n<div id=\"simple-translate\" class=\"simple-translate-system-theme\">\n<div>\n<div class=\"simple-translate-button isShow\" style=\"background-image: url('chrome-extension:\/\/ibplnjkanclpjokhdolnendpplpjiace\/icons\/512.png'); height: 22px; width: 22px; top: 225px; left: 382px;\"><\/div>\n<div class=\"simple-translate-panel \" style=\"width: 300px; height: 200px; top: 0px; left: 0px; font-size: 13px;\">\n<div class=\"simple-translate-result-wrapper\" style=\"overflow: hidden;\">\n<div class=\"simple-translate-move\" draggable=\"true\"><\/div>\n<div class=\"simple-translate-result-contents\">\n<p class=\"simple-translate-result\" dir=\"auto\">\n<p class=\"simple-translate-candidate\" dir=\"auto\">\n<\/div>\n<\/div>\n<\/div>\n<\/div>\n<\/div>\n","protected":false},"excerpt":{"rendered":"<p>12 botellas de 500 ml por caja.<\/p>\n","protected":false},"featured_media":0,"comment_status":"open","ping_status":"closed","template":"","meta":[],"product_brand":[],"product_cat":[32,16],"product_tag":[],"class_list":{"0":"post-413","1":"product","2":"type-product","3":"status-publish","5":"product_cat-cremas-balsamicas-de-modena","6":"product_cat-specialita","8":"first","9":"instock","10":"shipping-taxable","11":"product-type-simple"},"_links":{"self":[{"href":"https:\/\/new.star-gourmet.com\/index.php?rest_route=\/wp\/v2\/product\/413","targetHints":{"allow":["GET"]}}],"collection":[{"href":"https:\/\/new.star-gourmet.com\/index.php?rest_route=\/wp\/v2\/product"}],"about":[{"href":"https:\/\/new.star-gourmet.com\/index.php?rest_route=\/wp\/v2\/types\/product"}],"replies":[{"embeddable":true,"href":"https:\/\/new.star-gourmet.com\/index.php?rest_route=%2Fwp%2Fv2%2Fcomments&post=413"}],"wp:attachment":[{"href":"https:\/\/new.star-gourmet.com\/index.php?rest_route=%2Fwp%2Fv2%2Fmedia&parent=413"}],"wp:term":[{"taxonomy":"product_brand","embeddable":true,"href":"https:\/\/new.star-gourmet.com\/index.php?rest_route=%2Fwp%2Fv2%2Fproduct_brand&post=413"},{"taxonomy":"product_cat","embeddable":true,"href":"https:\/\/new.star-gourmet.com\/index.php?rest_route=%2Fwp%2Fv2%2Fproduct_cat&post=413"},{"taxonomy":"product_tag","embeddable":true,"href":"https:\/\/new.star-gourmet.com\/index.php?rest_route=%2Fwp%2Fv2%2Fproduct_tag&post=413"}],"curies":[{"name":"wp","href":"https:\/\/api.w.org\/{rel}","templated":true}]}}