{"id":409,"date":"2026-03-26T13:03:33","date_gmt":"2026-03-26T12:03:33","guid":{"rendered":"https:\/\/new.star-gourmet.com\/?post_type=product&#038;p=409"},"modified":"2026-03-26T13:03:34","modified_gmt":"2026-03-26T12:03:34","slug":"crema-balsamica-de-modena-igp","status":"publish","type":"product","link":"https:\/\/new.star-gourmet.com\/?product=crema-balsamica-de-modena-igp","title":{"rendered":"CREMA BALS\u00c1MICA DE M\u00d3DENA IGP"},"content":{"rendered":"<p>Crema bals\u00e1mica de M\u00f3dena<\/p>\n<p>Sabor intenso y equilibrado que combina bien con cualquier plato.<\/p>\n<p><em>Elegancia esencial y atemporal.<\/em><\/p>\n<p>Tasto es la l\u00ednea de Vinagre Bals\u00e1mico de M\u00f3dena IGP y aderezos con sabores innovadores para la cocina contempor\u00e1nea. Especialmente creada para hacer que tus platos sean m\u00e1s preciados. La l\u00ednea TASTO ofrece una amplia selecci\u00f3n de productos que van desde el Vinagre de M\u00f3dena de alta densidad en sus diferentes etapas de envejecimiento, hasta interpretaciones m\u00e1s contempor\u00e1neas de este producto tradicional como las cremas o glaseados. Tasto nace en el campo moden\u00e9s. Las uvas son cosechadas a mano y el m\u00e9todo de producci\u00f3n sigue procedimientos tradicionales. El vinagre envejece en m\u00e1s de cinco mil barriles de diversas capacidades y tipos de madera. Un sabor que toma lo mejor de la tradici\u00f3n para reinterpretarlo creativamente y hacer que cada plato sea m\u00e1s precioso con sus toques \u00fanicos.<\/p>\n<div id=\"simple-translate\" class=\"simple-translate-system-theme\">\n<div>\n<div class=\"simple-translate-button isShow\" style=\"background-image: url('chrome-extension:\/\/ibplnjkanclpjokhdolnendpplpjiace\/icons\/512.png'); height: 22px; width: 22px; top: 44px; left: -13px;\"><\/div>\n<div class=\"simple-translate-panel \" style=\"width: 300px; height: 200px; top: 0px; left: 0px; font-size: 13px;\">\n<div class=\"simple-translate-result-wrapper\" style=\"overflow: hidden;\">\n<div class=\"simple-translate-move\" draggable=\"true\"><\/div>\n<div class=\"simple-translate-result-contents\">\n<p class=\"simple-translate-result\" dir=\"auto\">\n<p class=\"simple-translate-candidate\" dir=\"auto\">\n<\/div>\n<\/div>\n<\/div>\n<\/div>\n<\/div>\n","protected":false},"excerpt":{"rendered":"<p>2 garrafas de 5 litros por caja.<\/p>\n","protected":false},"featured_media":0,"comment_status":"open","ping_status":"closed","template":"","meta":[],"product_brand":[],"product_cat":[32,16],"product_tag":[],"class_list":{"0":"post-409","1":"product","2":"type-product","3":"status-publish","5":"product_cat-cremas-balsamicas-de-modena","6":"product_cat-specialita","8":"first","9":"instock","10":"shipping-taxable","11":"product-type-simple"},"_links":{"self":[{"href":"https:\/\/new.star-gourmet.com\/index.php?rest_route=\/wp\/v2\/product\/409","targetHints":{"allow":["GET"]}}],"collection":[{"href":"https:\/\/new.star-gourmet.com\/index.php?rest_route=\/wp\/v2\/product"}],"about":[{"href":"https:\/\/new.star-gourmet.com\/index.php?rest_route=\/wp\/v2\/types\/product"}],"replies":[{"embeddable":true,"href":"https:\/\/new.star-gourmet.com\/index.php?rest_route=%2Fwp%2Fv2%2Fcomments&post=409"}],"wp:attachment":[{"href":"https:\/\/new.star-gourmet.com\/index.php?rest_route=%2Fwp%2Fv2%2Fmedia&parent=409"}],"wp:term":[{"taxonomy":"product_brand","embeddable":true,"href":"https:\/\/new.star-gourmet.com\/index.php?rest_route=%2Fwp%2Fv2%2Fproduct_brand&post=409"},{"taxonomy":"product_cat","embeddable":true,"href":"https:\/\/new.star-gourmet.com\/index.php?rest_route=%2Fwp%2Fv2%2Fproduct_cat&post=409"},{"taxonomy":"product_tag","embeddable":true,"href":"https:\/\/new.star-gourmet.com\/index.php?rest_route=%2Fwp%2Fv2%2Fproduct_tag&post=409"}],"curies":[{"name":"wp","href":"https:\/\/api.w.org\/{rel}","templated":true}]}}