{"id":404,"date":"2026-03-26T13:03:33","date_gmt":"2026-03-26T12:03:33","guid":{"rendered":"https:\/\/new.star-gourmet.com\/?post_type=product&#038;p=404"},"modified":"2026-03-26T13:03:34","modified_gmt":"2026-03-26T12:03:34","slug":"aceto-balsamico-di-modena-igp","status":"publish","type":"product","link":"https:\/\/new.star-gourmet.com\/?product=aceto-balsamico-di-modena-igp","title":{"rendered":"ACETO BALS\u00c1MICO DI M\u00d3DENA IGP"},"content":{"rendered":"<p>Vinagre bals\u00e1mico de M\u00f3dena \"GRAN GOURMET\u201d<\/p>\n","protected":false},"excerpt":{"rendered":"<p>2 x 5 L<\/p>\n","protected":false},"featured_media":0,"comment_status":"open","ping_status":"closed","template":"","meta":[],"product_brand":[],"product_cat":[16,31],"product_tag":[],"class_list":{"0":"post-404","1":"product","2":"type-product","3":"status-publish","5":"product_cat-specialita","6":"product_cat-vinagres-balsamicos-de-modena","8":"first","9":"instock","10":"shipping-taxable","11":"product-type-simple"},"_links":{"self":[{"href":"https:\/\/new.star-gourmet.com\/index.php?rest_route=\/wp\/v2\/product\/404","targetHints":{"allow":["GET"]}}],"collection":[{"href":"https:\/\/new.star-gourmet.com\/index.php?rest_route=\/wp\/v2\/product"}],"about":[{"href":"https:\/\/new.star-gourmet.com\/index.php?rest_route=\/wp\/v2\/types\/product"}],"replies":[{"embeddable":true,"href":"https:\/\/new.star-gourmet.com\/index.php?rest_route=%2Fwp%2Fv2%2Fcomments&post=404"}],"wp:attachment":[{"href":"https:\/\/new.star-gourmet.com\/index.php?rest_route=%2Fwp%2Fv2%2Fmedia&parent=404"}],"wp:term":[{"taxonomy":"product_brand","embeddable":true,"href":"https:\/\/new.star-gourmet.com\/index.php?rest_route=%2Fwp%2Fv2%2Fproduct_brand&post=404"},{"taxonomy":"product_cat","embeddable":true,"href":"https:\/\/new.star-gourmet.com\/index.php?rest_route=%2Fwp%2Fv2%2Fproduct_cat&post=404"},{"taxonomy":"product_tag","embeddable":true,"href":"https:\/\/new.star-gourmet.com\/index.php?rest_route=%2Fwp%2Fv2%2Fproduct_tag&post=404"}],"curies":[{"name":"wp","href":"https:\/\/api.w.org\/{rel}","templated":true}]}}